{"id":2724,"date":"2023-01-13T19:24:25","date_gmt":"2023-01-13T19:24:25","guid":{"rendered":"https:\/\/almondbreeze.ca\/?page_id=2724"},"modified":"2023-01-20T04:43:07","modified_gmt":"2023-01-20T04:43:07","slug":"smoothie-interactif","status":"publish","type":"page","link":"https:\/\/almondbreeze.ca\/fr\/smoothie-interactif\/","title":{"rendered":"Quiz Smoothie"},"content":{"rendered":"      <X-SmoothieRecipeFinder\n        data-products=\"[{&quot;category&quot;:&quot;Longue Conservation&quot;,&quot;name&quot;:&quot;Chocolat&quot;,&quot;subtitle&quot;:&quot;&quot;,&quot;link&quot;:&quot;https:\\\/\\\/almondbreeze.ca\\\/fr\\\/products\\\/longue-conservation\\\/chocolate\\\/&quot;,&quot;image&quot;:{&quot;url&quot;:&quot;https:\\\/\\\/almondbreeze.ca\\\/content\\\/uploads\\\/2020\\\/10\\\/tetra-choco-swt-FRENCH-01.png&quot;,&quot;alt&quot;:&quot;tetra-choco-swt&#8211;FRENCH-01&quot;},&quot;color&quot;:&quot;&quot;},{&quot;category&quot;:&quot;Longue Conservation&quot;,&quot;name&quot;:&quot;Chocolat non sucr\\u00e9&quot;,&quot;subtitle&quot;:&quot;&quot;,&quot;link&quot;:&quot;https:\\\/\\\/almondbreeze.ca\\\/fr\\\/products\\\/longue-conservation\\\/chocolate-non-sucre\\\/&quot;,&quot;image&quot;:{&quot;url&quot;:&quot;https:\\\/\\\/almondbreeze.ca\\\/content\\\/uploads\\\/2020\\\/10\\\/tetra-choco-unswt-FRENCH-01-e1613527126377.png&quot;,&quot;alt&quot;:&quot;tetra-choco-unswt&#8211;FRENCH-01&quot;},&quot;color&quot;:&quot;&quot;},{&quot;category&quot;:&quot;Longue Conservation&quot;,&quot;name&quot;:&quot;M\\u00e9lange amande et noix de coco non sucr\\u00e9&quot;,&quot;subtitle&quot;:&quot;&quot;,&quot;link&quot;:&quot;https:\\\/\\\/almondbreeze.ca\\\/fr\\\/products\\\/longue-conservation\\\/unsweetened-almond-coconut-blend\\\/&quot;,&quot;image&quot;:{&quot;url&quot;:&quot;https:\\\/\\\/almondbreeze.ca\\\/content\\\/uploads\\\/2020\\\/10\\\/tetra-cocnut-unswt-FRENCH-01-e1613526712594.png&quot;,&quot;alt&quot;:&quot;tetra-cocnut-unswt&#8211;FRENCH-01&quot;},&quot;color&quot;:&quot;&quot;},{&quot;category&quot;:&quot;Longue Conservation&quot;,&quot;name&quot;:&quot;Original&quot;,&quot;subtitle&quot;:&quot;&quot;,&quot;link&quot;:&quot;https:\\\/\\\/almondbreeze.ca\\\/fr\\\/products\\\/longue-conservation\\\/longue-conservation-original\\\/&quot;,&quot;image&quot;:{&quot;url&quot;:&quot;https:\\\/\\\/almondbreeze.ca\\\/content\\\/uploads\\\/2020\\\/10\\\/tetra-original-swt-FRENH-01-e1613526892374.png&quot;,&quot;alt&quot;:&quot;tetra-original-swt&#8211;FRENH-01&quot;},&quot;color&quot;:&quot;&quot;},{&quot;category&quot;:&quot;R\\u00e9frig\\u00e9r\\u00e9&quot;,&quot;name&quot;:&quot;Original&quot;,&quot;subtitle&quot;:&quot;&quot;,&quot;link&quot;:&quot;https:\\\/\\\/almondbreeze.ca\\\/fr\\\/products\\\/refrigere\\\/original\\\/&quot;,&quot;image&quot;:{&quot;url&quot;:&quot;https:\\\/\\\/almondbreeze.ca\\\/content\\\/uploads\\\/2020\\\/10\\\/ab-original-fr-min.png&quot;,&quot;alt&quot;:&quot;ab-original-fr-min&quot;},&quot;color&quot;:&quot;&quot;},{&quot;category&quot;:&quot;R\\u00e9frig\\u00e9r\\u00e9&quot;,&quot;name&quot;:&quot;Original non sucr\\u00e9&quot;,&quot;subtitle&quot;:&quot;&quot;,&quot;link&quot;:&quot;https:\\\/\\\/almondbreeze.ca\\\/fr\\\/products\\\/refrigere\\\/original-unsweetened\\\/&quot;,&quot;image&quot;:{&quot;url&quot;:&quot;https:\\\/\\\/almondbreeze.ca\\\/content\\\/uploads\\\/2020\\\/10\\\/ab-unsweetened-original-fr-min.png&quot;,&quot;alt&quot;:&quot;ab-unsweetened-original-fr-min&quot;},&quot;color&quot;:&quot;&quot;},{&quot;category&quot;:&quot;Longue Conservation&quot;,&quot;name&quot;:&quot;Original non sucr\\u00e9&quot;,&quot;subtitle&quot;:&quot;&quot;,&quot;link&quot;:&quot;https:\\\/\\\/almondbreeze.ca\\\/fr\\\/products\\\/longue-conservation\\\/original-non-sucre\\\/&quot;,&quot;image&quot;:{&quot;url&quot;:&quot;https:\\\/\\\/almondbreeze.ca\\\/content\\\/uploads\\\/2020\\\/10\\\/tetra-original-unswt-FRENH-01-01-e1613527200583.png&quot;,&quot;alt&quot;:&quot;tetra-original-unswt&#8211;FRENH-01-01&quot;},&quot;color&quot;:&quot;&quot;},{&quot;category&quot;:&quot;Longue Conservation&quot;,&quot;name&quot;:&quot;Vanille&quot;,&quot;subtitle&quot;:&quot;&quot;,&quot;link&quot;:&quot;https:\\\/\\\/almondbreeze.ca\\\/fr\\\/products\\\/longue-conservation\\\/longue-conservation-vanilla\\\/&quot;,&quot;image&quot;:{&quot;url&quot;:&quot;https:\\\/\\\/almondbreeze.ca\\\/content\\\/uploads\\\/2020\\\/10\\\/tetra-vanilla-swt-FRENCH-01-e1613527381333.png&quot;,&quot;alt&quot;:&quot;tetra-vanilla-swt&#8211;FRENCH-01&quot;},&quot;color&quot;:&quot;&quot;},{&quot;category&quot;:&quot;R\\u00e9frig\\u00e9r\\u00e9&quot;,&quot;name&quot;:&quot;Vanille&quot;,&quot;subtitle&quot;:&quot;&quot;,&quot;link&quot;:&quot;https:\\\/\\\/almondbreeze.ca\\\/fr\\\/products\\\/refrigere\\\/vanilla\\\/&quot;,&quot;image&quot;:{&quot;url&quot;:&quot;https:\\\/\\\/almondbreeze.ca\\\/content\\\/uploads\\\/2020\\\/10\\\/ab-vanilla-fr-min.png&quot;,&quot;alt&quot;:&quot;ab-vanilla-fr-min&quot;},&quot;color&quot;:&quot;&quot;},{&quot;category&quot;:&quot;Longue Conservation&quot;,&quot;name&quot;:&quot;Vanille non sucr\\u00e9&quot;,&quot;subtitle&quot;:&quot;&quot;,&quot;link&quot;:&quot;https:\\\/\\\/almondbreeze.ca\\\/fr\\\/products\\\/longue-conservation\\\/longue-conservation-vanilla-non-sucre\\\/&quot;,&quot;image&quot;:{&quot;url&quot;:&quot;https:\\\/\\\/almondbreeze.ca\\\/content\\\/uploads\\\/2020\\\/10\\\/tetra-vanilla-unswt-FRENH-01-01-e1613526809361.png&quot;,&quot;alt&quot;:&quot;tetra-vanilla-unswt&#8211;FRENH-01-01&quot;},&quot;color&quot;:&quot;&quot;},{&quot;category&quot;:&quot;R\\u00e9frig\\u00e9r\\u00e9&quot;,&quot;name&quot;:&quot;Vanille non sucr\\u00e9&quot;,&quot;subtitle&quot;:&quot;&quot;,&quot;link&quot;:&quot;https:\\\/\\\/almondbreeze.ca\\\/fr\\\/products\\\/refrigere\\\/unsweetened-vanilla\\\/&quot;,&quot;image&quot;:{&quot;url&quot;:&quot;https:\\\/\\\/almondbreeze.ca\\\/content\\\/uploads\\\/2020\\\/10\\\/ab-unsweetened-vanilla-fr-min.png&quot;,&quot;alt&quot;:&quot;ab-unsweetened-vanilla-fr-min&quot;},&quot;color&quot;:&quot;&quot;}]\"\n        data-lang=\"fr\"\n      \/>\n    ","protected":false},"excerpt":{"rendered":"","protected":false},"author":1,"featured_media":0,"parent":0,"menu_order":0,"comment_status":"closed","ping_status":"closed","template":"","meta":{"_acf_changed":false,"footnotes":""},"class_list":["post-2724","page","type-page","status-publish","hentry"],"acf":[],"yoast_head":"<!-- This site is optimized with the Yoast SEO plugin v27.1.1 - https:\/\/yoast.com\/product\/yoast-seo-wordpress\/ -->\n<title>Quiz Smoothie | Trouvez une recette de smoothie | Almond Breeze<\/title>\n<meta name=\"description\" content=\"Notre petit quiz vous aide \u00e0 trouver la recette du smoothie id\u00e9al pour vous. Avec notre g\u00e9n\u00e9rateur de recette de smoothie facile \u00e0 utiliser, savourez un smoothie d\u00e9licieux et nutritif \u00e0 chaque fois!\" \/>\n<meta name=\"robots\" content=\"index, follow, max-snippet:-1, max-image-preview:large, max-video-preview:-1\" \/>\n<link rel=\"canonical\" href=\"https:\/\/almondbreeze.ca\/fr\/smoothie-interactif\/\" \/>\n<meta property=\"og:locale\" content=\"fr_CA\" \/>\n<meta property=\"og:type\" content=\"article\" \/>\n<meta property=\"og:title\" content=\"Quiz Smoothie | Trouvez une recette de smoothie | Almond Breeze\" \/>\n<meta property=\"og:description\" content=\"Notre petit quiz vous aide \u00e0 trouver la recette du smoothie id\u00e9al pour vous. Avec notre g\u00e9n\u00e9rateur de recette de smoothie facile \u00e0 utiliser, savourez un smoothie d\u00e9licieux et nutritif \u00e0 chaque fois!\" \/>\n<meta property=\"og:url\" content=\"https:\/\/almondbreeze.ca\/fr\/smoothie-interactif\/\" \/>\n<meta property=\"og:site_name\" content=\"Almond Breeze\" \/>\n<meta property=\"article:modified_time\" content=\"2023-01-20T04:43:07+00:00\" \/>\n<meta name=\"twitter:card\" content=\"summary_large_image\" \/>\n<script type=\"application\/ld+json\" class=\"yoast-schema-graph\">{\"@context\":\"https:\/\/schema.org\",\"@graph\":[{\"@type\":\"WebPage\",\"@id\":\"https:\/\/almondbreeze.ca\/fr\/smoothie-interactif\/\",\"url\":\"https:\/\/almondbreeze.ca\/fr\/smoothie-interactif\/\",\"name\":\"Quiz Smoothie | Trouvez une recette de smoothie | Almond Breeze\",\"isPartOf\":{\"@id\":\"https:\/\/almondbreeze.ca\/fr\/#website\"},\"datePublished\":\"2023-01-13T19:24:25+00:00\",\"dateModified\":\"2023-01-20T04:43:07+00:00\",\"description\":\"Notre petit quiz vous aide \u00e0 trouver la recette du smoothie id\u00e9al pour vous. Avec notre g\u00e9n\u00e9rateur de recette de smoothie facile \u00e0 utiliser, savourez un smoothie d\u00e9licieux et nutritif \u00e0 chaque fois!\",\"breadcrumb\":{\"@id\":\"https:\/\/almondbreeze.ca\/fr\/smoothie-interactif\/#breadcrumb\"},\"inLanguage\":\"fr-CA\",\"potentialAction\":[{\"@type\":\"ReadAction\",\"target\":[\"https:\/\/almondbreeze.ca\/fr\/smoothie-interactif\/\"]}]},{\"@type\":\"BreadcrumbList\",\"@id\":\"https:\/\/almondbreeze.ca\/fr\/smoothie-interactif\/#breadcrumb\",\"itemListElement\":[{\"@type\":\"ListItem\",\"position\":1,\"name\":\"Home\",\"item\":\"https:\/\/almondbreeze.ca\/fr\/\"},{\"@type\":\"ListItem\",\"position\":2,\"name\":\"Quiz Smoothie\"}]},{\"@type\":\"WebSite\",\"@id\":\"https:\/\/almondbreeze.ca\/fr\/#website\",\"url\":\"https:\/\/almondbreeze.ca\/fr\/\",\"name\":\"Almond Breeze\",\"description\":\"\",\"publisher\":{\"@id\":\"https:\/\/almondbreeze.ca\/fr\/#organization\"},\"inLanguage\":\"fr-CA\"},{\"@type\":\"Organization\",\"@id\":\"https:\/\/almondbreeze.ca\/fr\/#organization\",\"name\":\"Blue Diamond Growers\",\"url\":\"https:\/\/almondbreeze.ca\/fr\/\",\"logo\":{\"@type\":\"ImageObject\",\"inLanguage\":\"fr-CA\",\"@id\":\"https:\/\/almondbreeze.ca\/fr\/#\/schema\/logo\/image\/\",\"url\":\"https:\/\/almondbreeze.ca\/content\/uploads\/2020\/12\/ab-ca-logo.png\",\"contentUrl\":\"https:\/\/almondbreeze.ca\/content\/uploads\/2020\/12\/ab-ca-logo.png\",\"width\":232,\"height\":174,\"caption\":\"Blue Diamond Growers\"},\"image\":{\"@id\":\"https:\/\/almondbreeze.ca\/fr\/#\/schema\/logo\/image\/\"}}]}<\/script>\n<!-- \/ Yoast SEO plugin. -->","yoast_head_json":{"title":"Quiz Smoothie | Trouvez une recette de smoothie | Almond Breeze","description":"Notre petit quiz vous aide \u00e0 trouver la recette du smoothie id\u00e9al pour vous. Avec notre g\u00e9n\u00e9rateur de recette de smoothie facile \u00e0 utiliser, savourez un smoothie d\u00e9licieux et nutritif \u00e0 chaque fois!","robots":{"index":"index","follow":"follow","max-snippet":"max-snippet:-1","max-image-preview":"max-image-preview:large","max-video-preview":"max-video-preview:-1"},"canonical":"https:\/\/almondbreeze.ca\/fr\/smoothie-interactif\/","og_locale":"fr_CA","og_type":"article","og_title":"Quiz Smoothie | Trouvez une recette de smoothie | Almond Breeze","og_description":"Notre petit quiz vous aide \u00e0 trouver la recette du smoothie id\u00e9al pour vous. Avec notre g\u00e9n\u00e9rateur de recette de smoothie facile \u00e0 utiliser, savourez un smoothie d\u00e9licieux et nutritif \u00e0 chaque fois!","og_url":"https:\/\/almondbreeze.ca\/fr\/smoothie-interactif\/","og_site_name":"Almond Breeze","article_modified_time":"2023-01-20T04:43:07+00:00","twitter_card":"summary_large_image","schema":{"@context":"https:\/\/schema.org","@graph":[{"@type":"WebPage","@id":"https:\/\/almondbreeze.ca\/fr\/smoothie-interactif\/","url":"https:\/\/almondbreeze.ca\/fr\/smoothie-interactif\/","name":"Quiz Smoothie | Trouvez une recette de smoothie | Almond Breeze","isPartOf":{"@id":"https:\/\/almondbreeze.ca\/fr\/#website"},"datePublished":"2023-01-13T19:24:25+00:00","dateModified":"2023-01-20T04:43:07+00:00","description":"Notre petit quiz vous aide \u00e0 trouver la recette du smoothie id\u00e9al pour vous. Avec notre g\u00e9n\u00e9rateur de recette de smoothie facile \u00e0 utiliser, savourez un smoothie d\u00e9licieux et nutritif \u00e0 chaque fois!","breadcrumb":{"@id":"https:\/\/almondbreeze.ca\/fr\/smoothie-interactif\/#breadcrumb"},"inLanguage":"fr-CA","potentialAction":[{"@type":"ReadAction","target":["https:\/\/almondbreeze.ca\/fr\/smoothie-interactif\/"]}]},{"@type":"BreadcrumbList","@id":"https:\/\/almondbreeze.ca\/fr\/smoothie-interactif\/#breadcrumb","itemListElement":[{"@type":"ListItem","position":1,"name":"Home","item":"https:\/\/almondbreeze.ca\/fr\/"},{"@type":"ListItem","position":2,"name":"Quiz Smoothie"}]},{"@type":"WebSite","@id":"https:\/\/almondbreeze.ca\/fr\/#website","url":"https:\/\/almondbreeze.ca\/fr\/","name":"Almond Breeze","description":"","publisher":{"@id":"https:\/\/almondbreeze.ca\/fr\/#organization"},"inLanguage":"fr-CA"},{"@type":"Organization","@id":"https:\/\/almondbreeze.ca\/fr\/#organization","name":"Blue Diamond Growers","url":"https:\/\/almondbreeze.ca\/fr\/","logo":{"@type":"ImageObject","inLanguage":"fr-CA","@id":"https:\/\/almondbreeze.ca\/fr\/#\/schema\/logo\/image\/","url":"https:\/\/almondbreeze.ca\/content\/uploads\/2020\/12\/ab-ca-logo.png","contentUrl":"https:\/\/almondbreeze.ca\/content\/uploads\/2020\/12\/ab-ca-logo.png","width":232,"height":174,"caption":"Blue Diamond Growers"},"image":{"@id":"https:\/\/almondbreeze.ca\/fr\/#\/schema\/logo\/image\/"}}]}},"_links":{"self":[{"href":"https:\/\/almondbreeze.ca\/fr\/wp-json\/wp\/v2\/pages\/2724","targetHints":{"allow":["GET"]}}],"collection":[{"href":"https:\/\/almondbreeze.ca\/fr\/wp-json\/wp\/v2\/pages"}],"about":[{"href":"https:\/\/almondbreeze.ca\/fr\/wp-json\/wp\/v2\/types\/page"}],"author":[{"embeddable":true,"href":"https:\/\/almondbreeze.ca\/fr\/wp-json\/wp\/v2\/users\/1"}],"replies":[{"embeddable":true,"href":"https:\/\/almondbreeze.ca\/fr\/wp-json\/wp\/v2\/comments?post=2724"}],"version-history":[{"count":4,"href":"https:\/\/almondbreeze.ca\/fr\/wp-json\/wp\/v2\/pages\/2724\/revisions"}],"predecessor-version":[{"id":2788,"href":"https:\/\/almondbreeze.ca\/fr\/wp-json\/wp\/v2\/pages\/2724\/revisions\/2788"}],"wp:attachment":[{"href":"https:\/\/almondbreeze.ca\/fr\/wp-json\/wp\/v2\/media?parent=2724"}],"curies":[{"name":"wp","href":"https:\/\/api.w.org\/{rel}","templated":true}]}}