{"id":2392,"date":"2021-11-15T14:15:22","date_gmt":"2021-11-15T14:15:22","guid":{"rendered":"https:\/\/almondbreeze.ca\/?page_id=2392"},"modified":"2023-06-02T18:36:53","modified_gmt":"2023-06-02T18:36:53","slug":"la-rencontre-almond-breeze-et-realite-augmentee","status":"publish","type":"page","link":"https:\/\/almondbreeze.ca\/fr\/la-rencontre-almond-breeze-et-realite-augmentee\/","title":{"rendered":"La rencontre Almond Breeze\u00ae et R\u00e9alit\u00e9 Augment\u00e9e."},"content":{"rendered":"<div class=\"full-width\">  \n    <div\n      class=\"phone-hero\"\n    >\n      <div class=\"inner\">\n        <div class=\"flowers\"><\/div>\n        <div class=\"content-column\">\n          \n\n<h1 class=\"wp-block-heading\" id=\"la-rencontre-almond-breeze-et-realite-augmentee\"><strong>La rencontre Almond Breeze<sup>&reg;<\/sup> et R\u00e9alit\u00e9 Augment\u00e9e<\/strong>.<\/h1>\n\n\n\n<p>Pour un aper\u00e7u privil\u00e9gi\u00e9 de tous les gens, les lieux, et m\u00eame les amandes gr\u00e2ce \u00e0 qui Almond Breeze<sup>&reg;<\/sup> arrive dans votre r\u00e9frig\u00e9rateur.<\/p>\n\n\n\n<div class=\"wp-block-buttons is-layout-flex wp-block-buttons-is-layout-flex\">\n<div class=\"wp-block-button is-style-light-blue\"><a class=\"wp-block-button__link wp-element-button\" href=\"#en-savoir-plus\">En savoir plus<\/a><\/div>\n<\/div>\n\n\n\n<div style=\"height:20px\" aria-hidden=\"true\" class=\"wp-block-spacer\"><\/div>\n\n\n\n<div class=\"wp-block-group is-style-centered-inline\"><div class=\"wp-block-group__inner-container is-layout-flow wp-block-group-is-layout-flow\">\n<figure class=\"wp-block-image size-large\"><img decoding=\"async\" src=\"https:\/\/almondbreeze.ca\/content\/uploads\/\/2021\/11\/phone-icon.svg\" alt=\"Phone icon\"\/><\/figure>\n\n\n\n<p>D\u00e9couvrez ci-dessous comment commencer.<\/p>\n<\/div><\/div>\n\n\n        <\/div>\n        <div class=\"phone-column\">\n          <div class=\"background\" style=\"background-image:url('https:\/\/almondbreeze.ca\/content\/uploads\/2021\/11\/hero-background.jpg');\"><\/div>\n          <div class=\"phone-graphic\">\n            <div class=\"base\"><\/div>\n            <div class=\"image\" style=\"background-image:url('https:\/\/almondbreeze.ca\/content\/uploads\/2021\/11\/phone-graphic.jpg');\"><\/div>\n            <div class=\"frame\"><\/div>\n          <\/div>\n        <\/div>\n      <\/div>\n    <\/div>\n    \n<\/div>\n\n\n<div class=\"wp-block-group is-style-narrow-width\"><div class=\"wp-block-group__inner-container is-layout-flow wp-block-group-is-layout-flow\">\n<h2 class=\"wp-block-heading has-text-align-center is-style-black-heading\" id=\"decouvrez-par-vous-meme-ce-qui-rend-almond-breeze-si-irresistiblement-delicieux\"><strong>D\u00e9couvrez par vous-m\u00eame ce qui rend Almond Breeze<sup>&reg;<\/sup> si irr\u00e9sistiblement d\u00e9licieux!<\/strong><\/h2>\n\n\n\n<p class=\"has-text-align-center is-style-big-text\">Pour produire la meilleure boisson d&#8217;amande, il faut avoir les meilleures amandes. Et c&#8217;est un processus qui prend des g\u00e9n\u00e9rations. D\u00e9couvrez l&#8217;histoire de Blue Diamond<sup>&reg;<\/sup> et voyez l&#8217;amour et le soin que nos cultivateurs consacrent \u00e0 vos produits Almond Breeze<sup>&reg;<\/sup> pr\u00e9f\u00e9r\u00e9s.<\/p>\n<\/div><\/div>\n\n\n\n<div style=\"height:50px\" aria-hidden=\"true\" class=\"wp-block-spacer\"><\/div>\n\n\n\n<div class=\"wp-block-columns are-vertically-aligned-center is-style-tiny-columns is-layout-flex wp-container-core-columns-is-layout-9d6595d7 wp-block-columns-is-layout-flex\">\n<div class=\"wp-block-column is-vertically-aligned-center is-layout-flow wp-block-column-is-layout-flow\" style=\"flex-basis:45%\">\n<p class=\"is-style-blue-uppercase\" id=\"en-savoir-plus\"><strong>1\u00e8re \u00c9TAPE<\/strong><\/p>\n\n\n\n<h3 class=\"wp-block-heading is-style-black-heading\" id=\"achetez-votre-produit-almond-breeze-prefere\"><strong>Achetez votre produit Almond Breeze pr\u00e9f\u00e9r\u00e9.<\/strong><\/h3>\n\n\n\n<p>Tout commence par une visite \u00e0 votre \u00e9picerie pr\u00e9f\u00e9r\u00e9e o\u00f9 vous prenez des boissons d&#8217;amande Almond Breeze<sup>&reg;<\/sup> r\u00e9frig\u00e9r\u00e9es ou longue conservation.<\/p>\n\n\n\n<div class=\"wp-block-buttons is-layout-flex wp-block-buttons-is-layout-flex\">\n<div class=\"wp-block-button is-style-light-blue\"><a class=\"wp-block-button__link wp-element-button\" href=\"\/fr\/product-locator\/\">Trouver un commerce \u00e0 proximit\u00e9<\/a><\/div>\n<\/div>\n<\/div>\n\n\n\n<div class=\"wp-block-column is-vertically-aligned-center is-layout-flow wp-block-column-is-layout-flow\" style=\"flex-basis:50%\"><div class=\"wp-block-image\">\n<figure class=\"aligncenter size-full is-resized\"><img loading=\"lazy\" decoding=\"async\" src=\"https:\/\/almondbreeze.ca\/content\/uploads\/2023\/06\/UO-Prod-Fam_French.png\" alt=\"\" class=\"wp-image-3023\" width=\"319\" height=\"422\" srcset=\"https:\/\/almondbreeze.ca\/content\/uploads\/2023\/06\/UO-Prod-Fam_French.png 425w, https:\/\/almondbreeze.ca\/content\/uploads\/2023\/06\/UO-Prod-Fam_French-272x360.png 272w\" sizes=\"auto, (max-width: 319px) 100vw, 319px\" \/><\/figure>\n<\/div><\/div>\n<\/div>\n\n\n\n<div style=\"height:50px\" aria-hidden=\"true\" class=\"wp-block-spacer\"><\/div>\n\n\n\n<div class=\"wp-block-columns are-vertically-aligned-center is-style-tiny-columns is-layout-flex wp-container-core-columns-is-layout-9d6595d7 wp-block-columns-is-layout-flex\">\n<div class=\"wp-block-column is-vertically-aligned-center is-layout-flow wp-block-column-is-layout-flow\" style=\"flex-basis:45%\">\n<p class=\"is-style-blue-uppercase\"><strong>2e \u00c9TAPE<\/strong><\/p>\n\n\n\n<h3 class=\"wp-block-heading is-style-black-heading\" id=\"scannez-le-code-qr-pour-en-apprendre-plus-sur-notre-histoire\"><strong>Scannez le code QR pour en apprendre plus sur notre histoire.<\/strong><\/h3>\n\n\n\n<p>Il suffit de pointer votre t\u00e9l\u00e9phone intelligent vers le code QR pour le scanner et d\u00e9couvrir comment Blue Diamond<sup>&reg;<\/sup> est devenu le leader mondial de la production d&#8217;amandes.<\/p>\n\n\n\n<p class=\"is-style-small-text\">*La RA n\u00e9cessite un appareil iOS ou iPadOS sous iOS 11 et un processeur A9 ou plus r\u00e9cent.<\/p>\n<\/div>\n\n\n\n<div class=\"wp-block-column is-vertically-aligned-center is-layout-flow wp-block-column-is-layout-flow\" style=\"flex-basis:50%\"><div class=\"wp-block-image\">\n<figure class=\"aligncenter size-large\"><img loading=\"lazy\" decoding=\"async\" width=\"431\" height=\"360\" src=\"https:\/\/almondbreeze.ca\/content\/uploads\/2021\/11\/phone-qr.png\" alt=\"QR code and phone navigation\" class=\"wp-image-2382\" srcset=\"https:\/\/almondbreeze.ca\/content\/uploads\/2021\/11\/phone-qr.png 431w, https:\/\/almondbreeze.ca\/content\/uploads\/2021\/11\/phone-qr-360x301.png 360w\" sizes=\"auto, (max-width: 431px) 100vw, 431px\" \/><\/figure>\n<\/div>\n\n\n<p><\/p>\n<\/div>\n<\/div>\n\n\n\n<div style=\"height:50px\" aria-hidden=\"true\" class=\"wp-block-spacer\"><\/div>\n\n\n\n<div class=\"wp-block-columns are-vertically-aligned-center is-style-tiny-columns is-layout-flex wp-container-core-columns-is-layout-9d6595d7 wp-block-columns-is-layout-flex\">\n<div class=\"wp-block-column is-vertically-aligned-center is-layout-flow wp-block-column-is-layout-flow\" style=\"flex-basis:45%\">\n<p class=\"is-style-blue-uppercase\"><strong>3e \u00c9TAPE<\/strong><\/p>\n\n\n\n<h3 class=\"wp-block-heading is-style-black-heading\" id=\"pointez-l-appareil-photo-du-telephone-vers-le-logo-et-profitez-de-l-experience\"><strong>Pointez l&#8217;appareil photo du t\u00e9l\u00e9phone vers le logo et profitez de l&#8217;exp\u00e9rience.<\/strong><\/h3>\n\n\n\n<p>Appr\u00eatez-vous \u00e0 plonger dans l&#8217;univers Blue Diamond<sup>&reg;<\/sup> avec ses vergers d&#8217;amandes, ses arbres en fleurs, ses ruches d&#8217;abeilles, ses cultivateurs et bien plus encore!<\/p>\n\n\n\n<p class=\"is-style-small-text\">*La RA n\u00e9cessite un appareil iOS ou iPadOS sous iOS 11 et un processeur A9 ou plus r\u00e9cent.<\/p>\n<\/div>\n\n\n\n<div class=\"wp-block-column is-vertically-aligned-center is-layout-flow wp-block-column-is-layout-flow\" style=\"flex-basis:50%\">      <div\n        class=\"phone-graphic\"\n      >\n        <div class=\"base\"><\/div>\n        <div class=\"image\" style=\"background-image:url('https:\/\/almondbreeze.ca\/content\/uploads\/2021\/11\/step-3-screen.jpg');\"><\/div>\n        <div class=\"frame\"><\/div>\n      <\/div>\n      <\/div>\n<\/div>\n\n\n<div class=\"full-width\">  \n    <div class=\"product-finder\">\n      <div class=\"content\">\n        <div class=\"icon\">\n                  <\/div>\n                  <h2 class=\"headline\">\n            Vous recherchez les produits Almond Breeze?          <\/h2>\n                          <div class=\"subhead\">\n            <p><span style=\"font-weight: 400;\">Nous sommes l\u00e0 pour vous aider.<\/span><\/p>\n          <\/div>\n                                                <p class=\"button-holder\">\n              <a\n                href=\"\/product-locator\"\n                class=\"button button-pink\"\n                              >\n                Trouvez les produits              <\/a>\n            <\/p>\n                        <\/div>\n                  <img decoding=\"async\"\n              class=\"image\"\n              src=\"https:\/\/almondbreeze.ca\/content\/uploads\/2023\/02\/Footer-Product-Family_French-min.jpg\"\n              alt=\"Footer-Product-Family_French-min\"\n            \/>\n              <\/div>\n    \n<\/div>","protected":false},"excerpt":{"rendered":"<p>D\u00e9couvrez par vous-m\u00eame ce qui rend Almond Breeze&reg; si irr\u00e9sistiblement d\u00e9licieux! Pour produire la meilleure boisson d&#8217;amande, il faut avoir les meilleures amandes. Et c&#8217;est un processus qui prend des&#8230;<\/p>\n","protected":false},"author":1,"featured_media":0,"parent":0,"menu_order":0,"comment_status":"closed","ping_status":"closed","template":"","meta":{"_acf_changed":false,"footnotes":""},"class_list":["post-2392","page","type-page","status-publish","hentry"],"acf":[],"yoast_head":"<!-- This site is optimized with the Yoast SEO plugin v27.1.1 - https:\/\/yoast.com\/product\/yoast-seo-wordpress\/ -->\n<title>La rencontre Almond Breeze\u00ae et R\u00e9alit\u00e9 Augment\u00e9e. | Almond Breeze<\/title>\n<meta name=\"robots\" content=\"index, follow, max-snippet:-1, max-image-preview:large, max-video-preview:-1\" \/>\n<link rel=\"canonical\" href=\"https:\/\/almondbreeze.ca\/fr\/la-rencontre-almond-breeze-et-realite-augmentee\/\" \/>\n<meta property=\"og:locale\" content=\"fr_CA\" \/>\n<meta property=\"og:type\" content=\"article\" \/>\n<meta property=\"og:title\" content=\"La rencontre Almond Breeze\u00ae et R\u00e9alit\u00e9 Augment\u00e9e. | Almond Breeze\" \/>\n<meta property=\"og:description\" content=\"D\u00e9couvrez par vous-m\u00eame ce qui rend Almond Breeze&reg; si irr\u00e9sistiblement d\u00e9licieux! Pour produire la meilleure boisson d&#8217;amande, il faut avoir les meilleures amandes. Et c&#8217;est un processus qui prend des...\" \/>\n<meta property=\"og:url\" content=\"https:\/\/almondbreeze.ca\/fr\/la-rencontre-almond-breeze-et-realite-augmentee\/\" \/>\n<meta property=\"og:site_name\" content=\"Almond Breeze\" \/>\n<meta property=\"article:modified_time\" content=\"2023-06-02T18:36:53+00:00\" \/>\n<meta property=\"og:image\" content=\"https:\/\/almondbreeze.ca\/content\/uploads\/\/2021\/11\/phone-icon.svg\" \/>\n<meta name=\"twitter:card\" content=\"summary_large_image\" \/>\n<meta name=\"twitter:label1\" content=\"Estimation du temps de lecture\" \/>\n\t<meta name=\"twitter:data1\" content=\"2 minutes\" \/>\n<script type=\"application\/ld+json\" class=\"yoast-schema-graph\">{\"@context\":\"https:\/\/schema.org\",\"@graph\":[{\"@type\":\"WebPage\",\"@id\":\"https:\/\/almondbreeze.ca\/fr\/la-rencontre-almond-breeze-et-realite-augmentee\/\",\"url\":\"https:\/\/almondbreeze.ca\/fr\/la-rencontre-almond-breeze-et-realite-augmentee\/\",\"name\":\"La rencontre Almond Breeze\u00ae et R\u00e9alit\u00e9 Augment\u00e9e. | Almond Breeze\",\"isPartOf\":{\"@id\":\"https:\/\/almondbreeze.ca\/fr\/#website\"},\"primaryImageOfPage\":{\"@id\":\"https:\/\/almondbreeze.ca\/fr\/la-rencontre-almond-breeze-et-realite-augmentee\/#primaryimage\"},\"image\":{\"@id\":\"https:\/\/almondbreeze.ca\/fr\/la-rencontre-almond-breeze-et-realite-augmentee\/#primaryimage\"},\"thumbnailUrl\":\"https:\/\/almondbreeze.ca\/content\/uploads\/\/2021\/11\/phone-icon.svg\",\"datePublished\":\"2021-11-15T14:15:22+00:00\",\"dateModified\":\"2023-06-02T18:36:53+00:00\",\"breadcrumb\":{\"@id\":\"https:\/\/almondbreeze.ca\/fr\/la-rencontre-almond-breeze-et-realite-augmentee\/#breadcrumb\"},\"inLanguage\":\"fr-CA\",\"potentialAction\":[{\"@type\":\"ReadAction\",\"target\":[\"https:\/\/almondbreeze.ca\/fr\/la-rencontre-almond-breeze-et-realite-augmentee\/\"]}]},{\"@type\":\"ImageObject\",\"inLanguage\":\"fr-CA\",\"@id\":\"https:\/\/almondbreeze.ca\/fr\/la-rencontre-almond-breeze-et-realite-augmentee\/#primaryimage\",\"url\":\"https:\/\/almondbreeze.ca\/content\/uploads\/\/2021\/11\/phone-icon.svg\",\"contentUrl\":\"https:\/\/almondbreeze.ca\/content\/uploads\/\/2021\/11\/phone-icon.svg\"},{\"@type\":\"BreadcrumbList\",\"@id\":\"https:\/\/almondbreeze.ca\/fr\/la-rencontre-almond-breeze-et-realite-augmentee\/#breadcrumb\",\"itemListElement\":[{\"@type\":\"ListItem\",\"position\":1,\"name\":\"Home\",\"item\":\"https:\/\/almondbreeze.ca\/fr\/\"},{\"@type\":\"ListItem\",\"position\":2,\"name\":\"La rencontre Almond Breeze\u00ae et R\u00e9alit\u00e9 Augment\u00e9e.\"}]},{\"@type\":\"WebSite\",\"@id\":\"https:\/\/almondbreeze.ca\/fr\/#website\",\"url\":\"https:\/\/almondbreeze.ca\/fr\/\",\"name\":\"Almond Breeze\",\"description\":\"\",\"publisher\":{\"@id\":\"https:\/\/almondbreeze.ca\/fr\/#organization\"},\"inLanguage\":\"fr-CA\"},{\"@type\":\"Organization\",\"@id\":\"https:\/\/almondbreeze.ca\/fr\/#organization\",\"name\":\"Blue Diamond Growers\",\"url\":\"https:\/\/almondbreeze.ca\/fr\/\",\"logo\":{\"@type\":\"ImageObject\",\"inLanguage\":\"fr-CA\",\"@id\":\"https:\/\/almondbreeze.ca\/fr\/#\/schema\/logo\/image\/\",\"url\":\"https:\/\/almondbreeze.ca\/content\/uploads\/2020\/12\/ab-ca-logo.png\",\"contentUrl\":\"https:\/\/almondbreeze.ca\/content\/uploads\/2020\/12\/ab-ca-logo.png\",\"width\":232,\"height\":174,\"caption\":\"Blue Diamond Growers\"},\"image\":{\"@id\":\"https:\/\/almondbreeze.ca\/fr\/#\/schema\/logo\/image\/\"}}]}<\/script>\n<!-- \/ Yoast SEO plugin. -->","yoast_head_json":{"title":"La rencontre Almond Breeze\u00ae et R\u00e9alit\u00e9 Augment\u00e9e. | Almond Breeze","robots":{"index":"index","follow":"follow","max-snippet":"max-snippet:-1","max-image-preview":"max-image-preview:large","max-video-preview":"max-video-preview:-1"},"canonical":"https:\/\/almondbreeze.ca\/fr\/la-rencontre-almond-breeze-et-realite-augmentee\/","og_locale":"fr_CA","og_type":"article","og_title":"La rencontre Almond Breeze\u00ae et R\u00e9alit\u00e9 Augment\u00e9e. | Almond Breeze","og_description":"D\u00e9couvrez par vous-m\u00eame ce qui rend Almond Breeze&reg; si irr\u00e9sistiblement d\u00e9licieux! Pour produire la meilleure boisson d&#8217;amande, il faut avoir les meilleures amandes. Et c&#8217;est un processus qui prend des...","og_url":"https:\/\/almondbreeze.ca\/fr\/la-rencontre-almond-breeze-et-realite-augmentee\/","og_site_name":"Almond Breeze","article_modified_time":"2023-06-02T18:36:53+00:00","og_image":[{"url":"https:\/\/almondbreeze.ca\/content\/uploads\/\/2021\/11\/phone-icon.svg","type":"","width":"","height":""}],"twitter_card":"summary_large_image","twitter_misc":{"Estimation du temps de lecture":"2 minutes"},"schema":{"@context":"https:\/\/schema.org","@graph":[{"@type":"WebPage","@id":"https:\/\/almondbreeze.ca\/fr\/la-rencontre-almond-breeze-et-realite-augmentee\/","url":"https:\/\/almondbreeze.ca\/fr\/la-rencontre-almond-breeze-et-realite-augmentee\/","name":"La rencontre Almond Breeze\u00ae et R\u00e9alit\u00e9 Augment\u00e9e. | Almond Breeze","isPartOf":{"@id":"https:\/\/almondbreeze.ca\/fr\/#website"},"primaryImageOfPage":{"@id":"https:\/\/almondbreeze.ca\/fr\/la-rencontre-almond-breeze-et-realite-augmentee\/#primaryimage"},"image":{"@id":"https:\/\/almondbreeze.ca\/fr\/la-rencontre-almond-breeze-et-realite-augmentee\/#primaryimage"},"thumbnailUrl":"https:\/\/almondbreeze.ca\/content\/uploads\/\/2021\/11\/phone-icon.svg","datePublished":"2021-11-15T14:15:22+00:00","dateModified":"2023-06-02T18:36:53+00:00","breadcrumb":{"@id":"https:\/\/almondbreeze.ca\/fr\/la-rencontre-almond-breeze-et-realite-augmentee\/#breadcrumb"},"inLanguage":"fr-CA","potentialAction":[{"@type":"ReadAction","target":["https:\/\/almondbreeze.ca\/fr\/la-rencontre-almond-breeze-et-realite-augmentee\/"]}]},{"@type":"ImageObject","inLanguage":"fr-CA","@id":"https:\/\/almondbreeze.ca\/fr\/la-rencontre-almond-breeze-et-realite-augmentee\/#primaryimage","url":"https:\/\/almondbreeze.ca\/content\/uploads\/\/2021\/11\/phone-icon.svg","contentUrl":"https:\/\/almondbreeze.ca\/content\/uploads\/\/2021\/11\/phone-icon.svg"},{"@type":"BreadcrumbList","@id":"https:\/\/almondbreeze.ca\/fr\/la-rencontre-almond-breeze-et-realite-augmentee\/#breadcrumb","itemListElement":[{"@type":"ListItem","position":1,"name":"Home","item":"https:\/\/almondbreeze.ca\/fr\/"},{"@type":"ListItem","position":2,"name":"La rencontre Almond Breeze\u00ae et R\u00e9alit\u00e9 Augment\u00e9e."}]},{"@type":"WebSite","@id":"https:\/\/almondbreeze.ca\/fr\/#website","url":"https:\/\/almondbreeze.ca\/fr\/","name":"Almond Breeze","description":"","publisher":{"@id":"https:\/\/almondbreeze.ca\/fr\/#organization"},"inLanguage":"fr-CA"},{"@type":"Organization","@id":"https:\/\/almondbreeze.ca\/fr\/#organization","name":"Blue Diamond Growers","url":"https:\/\/almondbreeze.ca\/fr\/","logo":{"@type":"ImageObject","inLanguage":"fr-CA","@id":"https:\/\/almondbreeze.ca\/fr\/#\/schema\/logo\/image\/","url":"https:\/\/almondbreeze.ca\/content\/uploads\/2020\/12\/ab-ca-logo.png","contentUrl":"https:\/\/almondbreeze.ca\/content\/uploads\/2020\/12\/ab-ca-logo.png","width":232,"height":174,"caption":"Blue Diamond Growers"},"image":{"@id":"https:\/\/almondbreeze.ca\/fr\/#\/schema\/logo\/image\/"}}]}},"_links":{"self":[{"href":"https:\/\/almondbreeze.ca\/fr\/wp-json\/wp\/v2\/pages\/2392","targetHints":{"allow":["GET"]}}],"collection":[{"href":"https:\/\/almondbreeze.ca\/fr\/wp-json\/wp\/v2\/pages"}],"about":[{"href":"https:\/\/almondbreeze.ca\/fr\/wp-json\/wp\/v2\/types\/page"}],"author":[{"embeddable":true,"href":"https:\/\/almondbreeze.ca\/fr\/wp-json\/wp\/v2\/users\/1"}],"replies":[{"embeddable":true,"href":"https:\/\/almondbreeze.ca\/fr\/wp-json\/wp\/v2\/comments?post=2392"}],"version-history":[{"count":4,"href":"https:\/\/almondbreeze.ca\/fr\/wp-json\/wp\/v2\/pages\/2392\/revisions"}],"predecessor-version":[{"id":3029,"href":"https:\/\/almondbreeze.ca\/fr\/wp-json\/wp\/v2\/pages\/2392\/revisions\/3029"}],"wp:attachment":[{"href":"https:\/\/almondbreeze.ca\/fr\/wp-json\/wp\/v2\/media?parent=2392"}],"curies":[{"name":"wp","href":"https:\/\/api.w.org\/{rel}","templated":true}]}}