{"id":2031,"date":"2021-01-05T21:33:06","date_gmt":"2021-01-05T21:33:06","guid":{"rendered":"https:\/\/almondbreeze.ca\/?page_id=2031"},"modified":"2021-01-05T23:49:54","modified_gmt":"2021-01-05T23:49:54","slug":"cookie-notice","status":"publish","type":"page","link":"https:\/\/almondbreeze.ca\/fr\/cookie-notice\/","title":{"rendered":"Avis sur les t\u00e9moins"},"content":{"rendered":"\n<p>Cet avis sur les t\u00e9moins s&#8217;applique \u00e0 votre utilisation de <a href=\"https:\/\/www.bluediamond.com\/\">almondbreeze.ca<\/a>, et \u00e0 toutes les applications auxquelles vous acc\u00e9dez ou que vous utilisez par le biais de ces sites Web ou plates-formes exploit\u00e9es par ou au nom de Blue Diamond (collectivement appel\u00e9es les \u00ab&nbsp;sites&nbsp;\u00bb).<\/p>\n\n\n\n<p>Le pr\u00e9sent avis sur les t\u00e9moins explique comment nous utilisons les t\u00e9moins et la technologie de suivi. Si vous n&#8217;\u00eates pas d&#8217;accord avec notre utilisation des t\u00e9moins et de la technologie de suivi, vous pouvez refuser les t\u00e9moins en modifiant ou en retirant votre consentement concernant les t\u00e9moins, ou en \u00e9vitant d\u2019utiliser nos sites Web. Veuillez noter que si vous choisissez de d\u00e9sactiver les t\u00e9moins et la technologie de suivi que nous utilisons, votre exp\u00e9rience utilisateur sur les sites peut \u00eatre affect\u00e9e.<\/p>\n\n\n\n<p>Le pr\u00e9sent avis sur les t\u00e9moins s&#8217;applique uniquement \u00e0 votre utilisation des sites et sa derni\u00e8re mise \u00e0 jour date du 30\/12\/2009. Blue Diamond peut r\u00e9viser cet avis sur les t\u00e9moins \u00e0 tout moment et cette r\u00e9vision sera affich\u00e9e ici et accessible via ce lien : <a href=\"https:\/\/almondbreeze.ca\/cookie-notice\">almondbreeze.ca\/t\u00e9moin-notice<\/a>. Tout r\u00e9vision et\/ou ajout \u00e0 cet avis sur les t\u00e9moins prendra effet et vous liera lorsque vous continuerez \u00e0 utiliser les sites \u00e0 compter de la date d&#8217;entr\u00e9e en vigueur de cette r\u00e9vision et\/ou de cet ajout. Pour plus amples informations sur notre utilisation des t\u00e9moins et nos pratiques en mati\u00e8re de protection de la vie priv\u00e9e, veuillez consulter notre <a href=\"https:\/\/almondbreeze.ca\/fr\/privacy\/\">Avis de confidentialit\u00e9<\/a>.<\/p>\n\n\n\n<script id=\"CookieDeclaration\" src=\"https:\/\/consent.cookiebot.com\/53d6b33f-1924-4089-a963-abb886aee3ff\/cd.js\" type=\"text\/javascript\" async=\"\"><\/script>\n\n\n\n<p><\/p>\n","protected":false},"excerpt":{"rendered":"<p>Cet avis sur les t\u00e9moins s&#8217;applique \u00e0 votre utilisation de almondbreeze.ca, et \u00e0 toutes les applications auxquelles vous acc\u00e9dez ou que vous utilisez par le biais de ces sites Web&#8230;<\/p>\n","protected":false},"author":1,"featured_media":0,"parent":0,"menu_order":0,"comment_status":"closed","ping_status":"closed","template":"","meta":{"_acf_changed":false,"footnotes":""},"class_list":["post-2031","page","type-page","status-publish","hentry"],"acf":[],"yoast_head":"<!-- This site is optimized with the Yoast SEO plugin v27.1.1 - https:\/\/yoast.com\/product\/yoast-seo-wordpress\/ -->\n<title>Avis sur les t\u00e9moins | Almond Breeze<\/title>\n<meta name=\"robots\" content=\"index, follow, max-snippet:-1, max-image-preview:large, max-video-preview:-1\" \/>\n<link rel=\"canonical\" href=\"https:\/\/almondbreeze.ca\/fr\/cookie-notice\/\" \/>\n<meta property=\"og:locale\" content=\"fr_CA\" \/>\n<meta property=\"og:type\" content=\"article\" \/>\n<meta property=\"og:title\" content=\"Avis sur les t\u00e9moins | Almond Breeze\" \/>\n<meta property=\"og:description\" content=\"Cet avis sur les t\u00e9moins s&#8217;applique \u00e0 votre utilisation de almondbreeze.ca, et \u00e0 toutes les applications auxquelles vous acc\u00e9dez ou que vous utilisez par le biais de ces sites Web...\" \/>\n<meta property=\"og:url\" content=\"https:\/\/almondbreeze.ca\/fr\/cookie-notice\/\" \/>\n<meta property=\"og:site_name\" content=\"Almond Breeze\" \/>\n<meta property=\"article:modified_time\" content=\"2021-01-05T23:49:54+00:00\" \/>\n<meta name=\"twitter:card\" content=\"summary_large_image\" \/>\n<meta name=\"twitter:label1\" content=\"Estimation du temps de lecture\" \/>\n\t<meta name=\"twitter:data1\" content=\"1 minute\" \/>\n<script type=\"application\/ld+json\" class=\"yoast-schema-graph\">{\"@context\":\"https:\/\/schema.org\",\"@graph\":[{\"@type\":\"WebPage\",\"@id\":\"https:\/\/almondbreeze.ca\/fr\/cookie-notice\/\",\"url\":\"https:\/\/almondbreeze.ca\/fr\/cookie-notice\/\",\"name\":\"Avis sur les t\u00e9moins | Almond Breeze\",\"isPartOf\":{\"@id\":\"https:\/\/almondbreeze.ca\/fr\/#website\"},\"datePublished\":\"2021-01-05T21:33:06+00:00\",\"dateModified\":\"2021-01-05T23:49:54+00:00\",\"breadcrumb\":{\"@id\":\"https:\/\/almondbreeze.ca\/fr\/cookie-notice\/#breadcrumb\"},\"inLanguage\":\"fr-CA\",\"potentialAction\":[{\"@type\":\"ReadAction\",\"target\":[\"https:\/\/almondbreeze.ca\/fr\/cookie-notice\/\"]}]},{\"@type\":\"BreadcrumbList\",\"@id\":\"https:\/\/almondbreeze.ca\/fr\/cookie-notice\/#breadcrumb\",\"itemListElement\":[{\"@type\":\"ListItem\",\"position\":1,\"name\":\"Home\",\"item\":\"https:\/\/almondbreeze.ca\/fr\/\"},{\"@type\":\"ListItem\",\"position\":2,\"name\":\"Avis sur les t\u00e9moins\"}]},{\"@type\":\"WebSite\",\"@id\":\"https:\/\/almondbreeze.ca\/fr\/#website\",\"url\":\"https:\/\/almondbreeze.ca\/fr\/\",\"name\":\"Almond Breeze\",\"description\":\"\",\"publisher\":{\"@id\":\"https:\/\/almondbreeze.ca\/fr\/#organization\"},\"inLanguage\":\"fr-CA\"},{\"@type\":\"Organization\",\"@id\":\"https:\/\/almondbreeze.ca\/fr\/#organization\",\"name\":\"Blue Diamond Growers\",\"url\":\"https:\/\/almondbreeze.ca\/fr\/\",\"logo\":{\"@type\":\"ImageObject\",\"inLanguage\":\"fr-CA\",\"@id\":\"https:\/\/almondbreeze.ca\/fr\/#\/schema\/logo\/image\/\",\"url\":\"https:\/\/almondbreeze.ca\/content\/uploads\/2020\/12\/ab-ca-logo.png\",\"contentUrl\":\"https:\/\/almondbreeze.ca\/content\/uploads\/2020\/12\/ab-ca-logo.png\",\"width\":232,\"height\":174,\"caption\":\"Blue Diamond Growers\"},\"image\":{\"@id\":\"https:\/\/almondbreeze.ca\/fr\/#\/schema\/logo\/image\/\"}}]}<\/script>\n<!-- \/ Yoast SEO plugin. -->","yoast_head_json":{"title":"Avis sur les t\u00e9moins | Almond Breeze","robots":{"index":"index","follow":"follow","max-snippet":"max-snippet:-1","max-image-preview":"max-image-preview:large","max-video-preview":"max-video-preview:-1"},"canonical":"https:\/\/almondbreeze.ca\/fr\/cookie-notice\/","og_locale":"fr_CA","og_type":"article","og_title":"Avis sur les t\u00e9moins | Almond Breeze","og_description":"Cet avis sur les t\u00e9moins s&#8217;applique \u00e0 votre utilisation de almondbreeze.ca, et \u00e0 toutes les applications auxquelles vous acc\u00e9dez ou que vous utilisez par le biais de ces sites Web...","og_url":"https:\/\/almondbreeze.ca\/fr\/cookie-notice\/","og_site_name":"Almond Breeze","article_modified_time":"2021-01-05T23:49:54+00:00","twitter_card":"summary_large_image","twitter_misc":{"Estimation du temps de lecture":"1 minute"},"schema":{"@context":"https:\/\/schema.org","@graph":[{"@type":"WebPage","@id":"https:\/\/almondbreeze.ca\/fr\/cookie-notice\/","url":"https:\/\/almondbreeze.ca\/fr\/cookie-notice\/","name":"Avis sur les t\u00e9moins | Almond Breeze","isPartOf":{"@id":"https:\/\/almondbreeze.ca\/fr\/#website"},"datePublished":"2021-01-05T21:33:06+00:00","dateModified":"2021-01-05T23:49:54+00:00","breadcrumb":{"@id":"https:\/\/almondbreeze.ca\/fr\/cookie-notice\/#breadcrumb"},"inLanguage":"fr-CA","potentialAction":[{"@type":"ReadAction","target":["https:\/\/almondbreeze.ca\/fr\/cookie-notice\/"]}]},{"@type":"BreadcrumbList","@id":"https:\/\/almondbreeze.ca\/fr\/cookie-notice\/#breadcrumb","itemListElement":[{"@type":"ListItem","position":1,"name":"Home","item":"https:\/\/almondbreeze.ca\/fr\/"},{"@type":"ListItem","position":2,"name":"Avis sur les t\u00e9moins"}]},{"@type":"WebSite","@id":"https:\/\/almondbreeze.ca\/fr\/#website","url":"https:\/\/almondbreeze.ca\/fr\/","name":"Almond Breeze","description":"","publisher":{"@id":"https:\/\/almondbreeze.ca\/fr\/#organization"},"inLanguage":"fr-CA"},{"@type":"Organization","@id":"https:\/\/almondbreeze.ca\/fr\/#organization","name":"Blue Diamond Growers","url":"https:\/\/almondbreeze.ca\/fr\/","logo":{"@type":"ImageObject","inLanguage":"fr-CA","@id":"https:\/\/almondbreeze.ca\/fr\/#\/schema\/logo\/image\/","url":"https:\/\/almondbreeze.ca\/content\/uploads\/2020\/12\/ab-ca-logo.png","contentUrl":"https:\/\/almondbreeze.ca\/content\/uploads\/2020\/12\/ab-ca-logo.png","width":232,"height":174,"caption":"Blue Diamond Growers"},"image":{"@id":"https:\/\/almondbreeze.ca\/fr\/#\/schema\/logo\/image\/"}}]}},"_links":{"self":[{"href":"https:\/\/almondbreeze.ca\/fr\/wp-json\/wp\/v2\/pages\/2031","targetHints":{"allow":["GET"]}}],"collection":[{"href":"https:\/\/almondbreeze.ca\/fr\/wp-json\/wp\/v2\/pages"}],"about":[{"href":"https:\/\/almondbreeze.ca\/fr\/wp-json\/wp\/v2\/types\/page"}],"author":[{"embeddable":true,"href":"https:\/\/almondbreeze.ca\/fr\/wp-json\/wp\/v2\/users\/1"}],"replies":[{"embeddable":true,"href":"https:\/\/almondbreeze.ca\/fr\/wp-json\/wp\/v2\/comments?post=2031"}],"version-history":[{"count":1,"href":"https:\/\/almondbreeze.ca\/fr\/wp-json\/wp\/v2\/pages\/2031\/revisions"}],"predecessor-version":[{"id":2032,"href":"https:\/\/almondbreeze.ca\/fr\/wp-json\/wp\/v2\/pages\/2031\/revisions\/2032"}],"wp:attachment":[{"href":"https:\/\/almondbreeze.ca\/fr\/wp-json\/wp\/v2\/media?parent=2031"}],"curies":[{"name":"wp","href":"https:\/\/api.w.org\/{rel}","templated":true}]}}