{"id":2025,"date":"2021-01-05T20:28:31","date_gmt":"2021-01-05T20:28:31","guid":{"rendered":"https:\/\/almondbreeze.ca\/?page_id=2025"},"modified":"2022-08-17T20:16:26","modified_gmt":"2022-08-17T20:16:26","slug":"accessibilite","status":"publish","type":"page","link":"https:\/\/almondbreeze.ca\/fr\/accessibilite\/","title":{"rendered":"Accessibilit\u00e9"},"content":{"rendered":"\n<div id=\"a40AccessibilityStatement\"><\/div>\n<script type=\"text\/javascript\" src=\"https:\/\/bluediamond.usablenet.com\/pt\/accessibilitystatement.js?l=1&amp;lang=fr\"><\/script>\n","protected":false},"excerpt":{"rendered":"","protected":false},"author":1,"featured_media":0,"parent":0,"menu_order":0,"comment_status":"closed","ping_status":"closed","template":"","meta":{"_acf_changed":false,"footnotes":""},"class_list":["post-2025","page","type-page","status-publish","hentry"],"acf":[],"yoast_head":"<!-- This site is optimized with the Yoast SEO plugin v27.1.1 - https:\/\/yoast.com\/product\/yoast-seo-wordpress\/ -->\n<title>Accessibilit\u00e9 | Almond Breeze<\/title>\n<meta name=\"description\" content=\"Lire ici la d\u00e9claration d&#039;accessibilit\u00e9 d&#039;Almond Breeze.\" \/>\n<meta name=\"robots\" content=\"index, follow, max-snippet:-1, max-image-preview:large, max-video-preview:-1\" \/>\n<link rel=\"canonical\" href=\"https:\/\/almondbreeze.ca\/fr\/accessibilite\/\" \/>\n<meta property=\"og:locale\" content=\"fr_CA\" \/>\n<meta property=\"og:type\" content=\"article\" \/>\n<meta property=\"og:title\" content=\"Accessibilit\u00e9 | Almond Breeze\" \/>\n<meta property=\"og:description\" content=\"Lire ici la d\u00e9claration d&#039;accessibilit\u00e9 d&#039;Almond Breeze.\" \/>\n<meta property=\"og:url\" content=\"https:\/\/almondbreeze.ca\/fr\/accessibilite\/\" \/>\n<meta property=\"og:site_name\" content=\"Almond Breeze\" \/>\n<meta property=\"article:modified_time\" content=\"2022-08-17T20:16:26+00:00\" \/>\n<meta name=\"twitter:card\" content=\"summary_large_image\" \/>\n<script type=\"application\/ld+json\" class=\"yoast-schema-graph\">{\"@context\":\"https:\/\/schema.org\",\"@graph\":[{\"@type\":\"WebPage\",\"@id\":\"https:\/\/almondbreeze.ca\/fr\/accessibilite\/\",\"url\":\"https:\/\/almondbreeze.ca\/fr\/accessibilite\/\",\"name\":\"Accessibilit\u00e9 | Almond Breeze\",\"isPartOf\":{\"@id\":\"https:\/\/almondbreeze.ca\/fr\/#website\"},\"datePublished\":\"2021-01-05T20:28:31+00:00\",\"dateModified\":\"2022-08-17T20:16:26+00:00\",\"description\":\"Lire ici la d\u00e9claration d'accessibilit\u00e9 d'Almond Breeze.\",\"breadcrumb\":{\"@id\":\"https:\/\/almondbreeze.ca\/fr\/accessibilite\/#breadcrumb\"},\"inLanguage\":\"fr-CA\",\"potentialAction\":[{\"@type\":\"ReadAction\",\"target\":[\"https:\/\/almondbreeze.ca\/fr\/accessibilite\/\"]}]},{\"@type\":\"BreadcrumbList\",\"@id\":\"https:\/\/almondbreeze.ca\/fr\/accessibilite\/#breadcrumb\",\"itemListElement\":[{\"@type\":\"ListItem\",\"position\":1,\"name\":\"Home\",\"item\":\"https:\/\/almondbreeze.ca\/fr\/\"},{\"@type\":\"ListItem\",\"position\":2,\"name\":\"Accessibilit\u00e9\"}]},{\"@type\":\"WebSite\",\"@id\":\"https:\/\/almondbreeze.ca\/fr\/#website\",\"url\":\"https:\/\/almondbreeze.ca\/fr\/\",\"name\":\"Almond Breeze\",\"description\":\"\",\"publisher\":{\"@id\":\"https:\/\/almondbreeze.ca\/fr\/#organization\"},\"inLanguage\":\"fr-CA\"},{\"@type\":\"Organization\",\"@id\":\"https:\/\/almondbreeze.ca\/fr\/#organization\",\"name\":\"Blue Diamond Growers\",\"url\":\"https:\/\/almondbreeze.ca\/fr\/\",\"logo\":{\"@type\":\"ImageObject\",\"inLanguage\":\"fr-CA\",\"@id\":\"https:\/\/almondbreeze.ca\/fr\/#\/schema\/logo\/image\/\",\"url\":\"https:\/\/almondbreeze.ca\/content\/uploads\/2020\/12\/ab-ca-logo.png\",\"contentUrl\":\"https:\/\/almondbreeze.ca\/content\/uploads\/2020\/12\/ab-ca-logo.png\",\"width\":232,\"height\":174,\"caption\":\"Blue Diamond Growers\"},\"image\":{\"@id\":\"https:\/\/almondbreeze.ca\/fr\/#\/schema\/logo\/image\/\"}}]}<\/script>\n<!-- \/ Yoast SEO plugin. -->","yoast_head_json":{"title":"Accessibilit\u00e9 | Almond Breeze","description":"Lire ici la d\u00e9claration d'accessibilit\u00e9 d'Almond Breeze.","robots":{"index":"index","follow":"follow","max-snippet":"max-snippet:-1","max-image-preview":"max-image-preview:large","max-video-preview":"max-video-preview:-1"},"canonical":"https:\/\/almondbreeze.ca\/fr\/accessibilite\/","og_locale":"fr_CA","og_type":"article","og_title":"Accessibilit\u00e9 | Almond Breeze","og_description":"Lire ici la d\u00e9claration d'accessibilit\u00e9 d'Almond Breeze.","og_url":"https:\/\/almondbreeze.ca\/fr\/accessibilite\/","og_site_name":"Almond Breeze","article_modified_time":"2022-08-17T20:16:26+00:00","twitter_card":"summary_large_image","schema":{"@context":"https:\/\/schema.org","@graph":[{"@type":"WebPage","@id":"https:\/\/almondbreeze.ca\/fr\/accessibilite\/","url":"https:\/\/almondbreeze.ca\/fr\/accessibilite\/","name":"Accessibilit\u00e9 | Almond Breeze","isPartOf":{"@id":"https:\/\/almondbreeze.ca\/fr\/#website"},"datePublished":"2021-01-05T20:28:31+00:00","dateModified":"2022-08-17T20:16:26+00:00","description":"Lire ici la d\u00e9claration d'accessibilit\u00e9 d'Almond Breeze.","breadcrumb":{"@id":"https:\/\/almondbreeze.ca\/fr\/accessibilite\/#breadcrumb"},"inLanguage":"fr-CA","potentialAction":[{"@type":"ReadAction","target":["https:\/\/almondbreeze.ca\/fr\/accessibilite\/"]}]},{"@type":"BreadcrumbList","@id":"https:\/\/almondbreeze.ca\/fr\/accessibilite\/#breadcrumb","itemListElement":[{"@type":"ListItem","position":1,"name":"Home","item":"https:\/\/almondbreeze.ca\/fr\/"},{"@type":"ListItem","position":2,"name":"Accessibilit\u00e9"}]},{"@type":"WebSite","@id":"https:\/\/almondbreeze.ca\/fr\/#website","url":"https:\/\/almondbreeze.ca\/fr\/","name":"Almond Breeze","description":"","publisher":{"@id":"https:\/\/almondbreeze.ca\/fr\/#organization"},"inLanguage":"fr-CA"},{"@type":"Organization","@id":"https:\/\/almondbreeze.ca\/fr\/#organization","name":"Blue Diamond Growers","url":"https:\/\/almondbreeze.ca\/fr\/","logo":{"@type":"ImageObject","inLanguage":"fr-CA","@id":"https:\/\/almondbreeze.ca\/fr\/#\/schema\/logo\/image\/","url":"https:\/\/almondbreeze.ca\/content\/uploads\/2020\/12\/ab-ca-logo.png","contentUrl":"https:\/\/almondbreeze.ca\/content\/uploads\/2020\/12\/ab-ca-logo.png","width":232,"height":174,"caption":"Blue Diamond Growers"},"image":{"@id":"https:\/\/almondbreeze.ca\/fr\/#\/schema\/logo\/image\/"}}]}},"_links":{"self":[{"href":"https:\/\/almondbreeze.ca\/fr\/wp-json\/wp\/v2\/pages\/2025","targetHints":{"allow":["GET"]}}],"collection":[{"href":"https:\/\/almondbreeze.ca\/fr\/wp-json\/wp\/v2\/pages"}],"about":[{"href":"https:\/\/almondbreeze.ca\/fr\/wp-json\/wp\/v2\/types\/page"}],"author":[{"embeddable":true,"href":"https:\/\/almondbreeze.ca\/fr\/wp-json\/wp\/v2\/users\/1"}],"replies":[{"embeddable":true,"href":"https:\/\/almondbreeze.ca\/fr\/wp-json\/wp\/v2\/comments?post=2025"}],"version-history":[{"count":4,"href":"https:\/\/almondbreeze.ca\/fr\/wp-json\/wp\/v2\/pages\/2025\/revisions"}],"predecessor-version":[{"id":2448,"href":"https:\/\/almondbreeze.ca\/fr\/wp-json\/wp\/v2\/pages\/2025\/revisions\/2448"}],"wp:attachment":[{"href":"https:\/\/almondbreeze.ca\/fr\/wp-json\/wp\/v2\/media?parent=2025"}],"curies":[{"name":"wp","href":"https:\/\/api.w.org\/{rel}","templated":true}]}}