{"id":1568,"date":"2020-08-20T21:10:52","date_gmt":"2020-08-20T21:10:52","guid":{"rendered":"https:\/\/almondbreeze.ca\/contact-us\/"},"modified":"2026-03-17T17:03:14","modified_gmt":"2026-03-17T17:03:14","slug":"contact-us","status":"publish","type":"page","link":"https:\/\/almondbreeze.ca\/fr\/contact-us\/","title":{"rendered":"Contactez-nous"},"content":{"rendered":"<div class=\"full-width\">  \n\n<div class=\"wp-block-cover is-position-center-center\"><img loading=\"lazy\" decoding=\"async\" width=\"1680\" height=\"758\" class=\"wp-block-cover__image-background wp-image-1370 size-full\" alt=\"view of the Blue Diamond headquarters\" src=\"https:\/\/almondbreeze.ca\/content\/uploads\/2020\/10\/hq.jpg\" data-object-fit=\"cover\" srcset=\"https:\/\/almondbreeze.ca\/content\/uploads\/2020\/10\/hq.jpg 1680w, https:\/\/almondbreeze.ca\/content\/uploads\/2020\/10\/hq-800x361.jpg 800w, https:\/\/almondbreeze.ca\/content\/uploads\/2020\/10\/hq-1200x541.jpg 1200w, https:\/\/almondbreeze.ca\/content\/uploads\/2020\/10\/hq-768x347.jpg 768w, https:\/\/almondbreeze.ca\/content\/uploads\/2020\/10\/hq-1536x693.jpg 1536w, https:\/\/almondbreeze.ca\/content\/uploads\/2020\/10\/hq-360x162.jpg 360w\" sizes=\"auto, (max-width: 1680px) 100vw, 1680px\" \/><span aria-hidden=\"true\" class=\"wp-block-cover__background has-background-dim-100 has-background-dim\" style=\"background-color:#14216a\"><\/span><div class=\"wp-block-cover__inner-container is-layout-flow wp-block-cover-is-layout-flow\">\n<div class=\"wp-block-group contained-sm\"><div class=\"wp-block-group__inner-container is-layout-flow wp-block-group-is-layout-flow\">\n<h1 class=\"wp-block-heading\" id=\"contactez-nous\">Contactez-nous<\/h1>\n\n\n\n<p class=\"is-style-reduced-width-big-text\">Vous avez des questions sur nos produits aux amandes? Consultez notre FAQ ci-dessous. Si vous ne trouvez pas ce que vous cherchez, n\u2019h\u00e9sitez pas \u00e0 nous contacter directement.<\/p>\n<\/div><\/div>\n<\/div><\/div>\n\n<\/div>\n\n\n<div class=\"contact-callout-container\">\n  <div class=\"inner\">\n    <div class=\"col col-center\">\n      <h2>Demandes de renseignements des m\u00e9dias<\/h2>\n      <p>Pour toutes les demandes des m\u00e9dias, veuillez contacter le manager des communications, Samantha DeMelo, <a href=\"mailto:sdemelo@bdgrowers.com\">sdemelo@bdgrowers.com<\/a>.<\/p>\n    <\/div>\n    <div class=\"col col-right\">\n      <h2>\u00c9crivez-nous<\/h2>\n      <p>Consumer Advocacy Team<br>\u2028Blue Diamond<sup>&reg;<\/sup> Growers <br>\u20281802 C Street<br>Sacramento, CA 95811<\/p>\n    <\/div>\n    <div class=\"col map\">\n      <iframe loading=\"lazy\" src=\"https:\/\/www.google.com\/maps\/embed?pb=!1m18!1m12!1m3!1d3118.8029990409764!2d-121.48209768461923!3d38.584384172938655!2m3!1f0!2f0!3f0!3m2!1i1024!2i768!4f13.1!3m3!1m2!1s0x809ad0d272b0b013%3A0xe17c652e56c07f31!2sBlue+Diamond+Growers+-+Corporate+Campus!5e0!3m2!1sen!2sus!4v1493398336210\" allowfullscreen=\"\" width=\"100%\" height=\"200\" frameborder=\"0\"><\/iframe>\n    <\/div>\n  <\/div>\n<\/div>\n\n\n\n<h2 class=\"wp-block-heading contained-md contained-center\" id=\"la-foire-aux-questions\"><strong>La foire aux questions<\/strong><\/h2>\n\n\n\n<div class=\"wp-block-columns contained-md contained-center is-layout-flex wp-container-core-columns-is-layout-9d6595d7 wp-block-columns-is-layout-flex\">\n<div class=\"wp-block-column is-layout-flow wp-block-column-is-layout-flow\">\n<h4 class=\"wp-block-heading\" id=\"peut-on-utiliser-almond-breeze-comme-preparation-pour-nourrissons\">Peut-on utiliser Almond Breeze<sup>&reg;<\/sup> comme pr\u00e9paration pour nourrissons?<\/h4>\n\n\n\n<p>Peut-on utiliser Almond Breeze<sup>&reg;<\/sup> comme pr\u00e9paration pour nourrissons?<\/p>\n\n\n\n<hr class=\"wp-block-separator has-css-opacity is-style-vertical-spacing\"\/>\n\n\n\n<h4 class=\"wp-block-heading\" id=\"almond-breeze-peut-il-etre-utilise-en-patisserie-ou-dans-d-autres-recettes\">Almond Breeze<sup>&reg;<\/sup> peut-il \u00eatre utilis\u00e9 en p\u00e2tisserie ou dans d\u2019autres recettes?<\/h4>\n\n\n\n<p>Almond Breeze<sup>&reg;<\/sup> peut \u00eatre utilis\u00e9 dans la grande majorit\u00e9 des recettes faites habituellement avec du lait traditionnel. On peut l\u2019utiliser pour cuire des g\u00e2teaux, des soupes et des sauces, et on peut le r\u00e9chauffer pour des boissons chaudes, etc.&nbsp; Cependant, nous ne recommandons pas d\u2019utiliser Almond Breeze<sup>&reg;<\/sup> pour pr\u00e9parer des cr\u00e8mes-dessert instantan\u00e9es.<\/p>\n\n\n\n<hr class=\"wp-block-separator has-css-opacity is-style-vertical-spacing\"\/>\n\n\n\n<h4 class=\"wp-block-heading\" id=\"de-quoi-la-brique-est-elle-faite\">De quoi la brique est-elle faite?<\/h4>\n\n\n\n<p>Almond Breeze<sup>&reg;<\/sup> R\u00e9frig\u00e9r\u00e9 est emball\u00e9 en cartons \u00e0 pignon de 946 ou 1892 ml (32 ou 64 onces fluides) avec bec verseur en plastique blanc. Tous les mat\u00e9riaux des contenants sont des produits vierges approuv\u00e9s par la FDA et ont une structure multicouches assortie d\u2019une barri\u00e8re contre l\u2019oxyg\u00e8ne con\u00e7ue pour prolonger sa conservation.<\/p>\n<\/div>\n\n\n\n<div class=\"wp-block-column is-layout-flow wp-block-column-is-layout-flow\">\n<h4 class=\"wp-block-heading\" id=\"les-amandes-que-vous-utilisez-sont-elles-sans-ogm\">Les amandes que vous utilisez sont-elles sans OGM?<\/h4>\n\n\n\n<p>Les amandes ne sont pas le produit de la bio-ing\u00e9nierie.<\/p>\n\n\n\n<hr class=\"wp-block-separator has-css-opacity is-style-vertical-spacing\"\/>\n\n\n\n<h4 class=\"wp-block-heading\" id=\"les-produits-almond-breeze-sont-ils-pasteurises\">Les produits Almond Breeze<sup>&reg;<\/sup> sont-ils pasteuris\u00e9s?<\/h4>\n\n\n\n<p>Oui. L\u2019Almond Breeze<sup>&reg;<\/sup> longue conservation est produit par un proc\u00e9d\u00e9 aseptique. Le proc\u00e9d\u00e9 aseptique est un processus en circuit ferm\u00e9 qui consiste en une technique de pasteurisation et de st\u00e9rilisation commerciale \u00e0 tr\u00e8s haute temp\u00e9rature, conform\u00e9ment \u00e0 la r\u00e9glementation f\u00e9d\u00e9rale des \u00c9tats-Unis.&nbsp; L\u2019Almond Breeze<sup>&reg;<\/sup> r\u00e9frig\u00e9r\u00e9 est produit par le proc\u00e9d\u00e9 d\u2019ultra-pasteurisation HTST (haute temp\u00e9rature-temps court). La temp\u00e9rature ultra-haute \u00e9limine tous les agents pathog\u00e8nes viables pour garantir la salubrit\u00e9 du produit. Un produit ultra-pasteuris\u00e9 qui est vendu dans un emballage protecteur con\u00e7u \u00e0 cet usage r\u00e9sulte en une dur\u00e9e de conservation prolong\u00e9e (ESL).<\/p>\n\n\n\n<hr class=\"wp-block-separator has-css-opacity is-style-vertical-spacing\"\/>\n\n\n\n<h4 class=\"wp-block-heading\" id=\"peut-on-surgeler-almond-breeze\">Peut-on surgeler Almond Breeze<sup>&reg;<\/sup>?<\/h4>\n\n\n\n<p>Non. La cong\u00e9lation d\u2019Almond Breeze<sup>&reg;<\/sup> provoque une s\u00e9paration irr\u00e9guli\u00e8re et donne une mauvaise consistance au produit d\u00e9congel\u00e9.<\/p>\n<\/div>\n<\/div>\n\n\n\n<div class=\"wp-block-group contained-md contained-center\"><div class=\"wp-block-group__inner-container is-layout-flow wp-block-group-is-layout-flow\">\n<div class=\"wp-block-buttons is-layout-flex wp-block-buttons-is-layout-flex\">\n<div class=\"wp-block-button\"><a class=\"wp-block-button__link wp-element-button\" href=\"https:\/\/almondbreeze.ca\/fr\/almond-beverage-frequently-asked-questions\/\">Voir toutes les questions fr\u00e9quemment pos\u00e9es<\/a><\/div>\n<\/div>\n<\/div><\/div>\n\n\n\n<div style=\"height:80px\" aria-hidden=\"true\" class=\"wp-block-spacer\"><\/div>\n\n\n\n<div class=\"wp-block-columns contained-md contained-center is-layout-flex wp-container-core-columns-is-layout-9d6595d7 wp-block-columns-is-layout-flex\">\n<div class=\"wp-block-column is-layout-flow wp-block-column-is-layout-flow\" style=\"flex-basis:75%\">\n<h2 class=\"wp-block-heading\" id=\"send-us-a-message\">Send Us a Message<\/h2>\n\n\n\n<iframe loading=\"lazy\" src=\"https:\/\/forms-prod8.sprinklr.com\/guided-workflows\/67d80ef995459c02c0a46d9d?gwId=951498\" style=\"border:0; height: 70em; margin-left: -1em;\" allowfullscreen=\"\" width=\"100%\" height=\"100%\" frameborder=\"0\"><\/iframe>\n<\/div>\n\n\n\n<div class=\"wp-block-column is-layout-flow wp-block-column-is-layout-flow\" style=\"flex-basis:25%\">\n<h3 class=\"wp-block-heading\" id=\"demandes-de-renseignements-des-medias\"><strong>Demandes de renseignements des m\u00e9dias<\/strong><\/h3>\n\n\n\n<p>Pour toutes les demandes des m\u00e9dias, veuillez contacter le manager des communications, Samantha DeMelo, <a href=\"mailto:sdemelo@bdgrowers.com\">sdemelo@bdgrowers.com<\/a><\/p>\n\n\n\n<hr class=\"wp-block-separator has-css-opacity is-style-vertical-spacing\"\/>\n\n\n\n<h3 class=\"wp-block-heading\" id=\"ecrivez-nous\"><strong>\u00c9crivez-nous<\/strong><\/h3>\n\n\n\n<p><strong>Consumer Advocacy Team<\/strong><br>Blue Diamond<sup>&reg;<\/sup> Growers<br>1802 C Street<br>Sacramento, CA 95811<\/p>\n<\/div>\n<\/div>\n\n\n    <div class=\"product-finder\">\n      <div class=\"content\">\n        <div class=\"icon\">\n                  <\/div>\n                  <h2 class=\"headline\">\n            Vous recherchez les produits Almond Breeze?          <\/h2>\n                          <div class=\"subhead\">\n            <p><span style=\"font-weight: 400;\">Nous sommes l\u00e0 pour vous aider.<\/span><\/p>\n          <\/div>\n                                                <p class=\"button-holder\">\n              <a\n                href=\"\/product-locator\"\n                class=\"button button-pink\"\n                              >\n                Trouvez les produits              <\/a>\n            <\/p>\n                        <\/div>\n                  <img decoding=\"async\"\n              class=\"image\"\n              src=\"https:\/\/almondbreeze.ca\/content\/uploads\/2023\/02\/Footer-Product-Family_French-min.jpg\"\n              alt=\"Footer-Product-Family_French-min\"\n            \/>\n              <\/div>\n    ","protected":false},"excerpt":{"rendered":"<p>Demandes de renseignements des m\u00e9dias Pour toutes les demandes des m\u00e9dias, veuillez contacter le manager des communications, Samantha DeMelo, sdemelo@bdgrowers.com. \u00c9crivez-nous Consumer Advocacy Team\u2028Blue Diamond&reg; Growers \u20281802 C StreetSacramento, CA&#8230;<\/p>\n","protected":false},"author":1,"featured_media":0,"parent":0,"menu_order":0,"comment_status":"closed","ping_status":"closed","template":"","meta":{"_acf_changed":false,"footnotes":""},"class_list":["post-1568","page","type-page","status-publish","hentry"],"acf":[],"yoast_head":"<!-- This site is optimized with the Yoast SEO plugin v27.1.1 - https:\/\/yoast.com\/product\/yoast-seo-wordpress\/ -->\n<title>Contactez-nous | Almond Breeze<\/title>\n<meta name=\"description\" content=\"Des questions, des pr\u00e9occupations, ou juste un petit bonjour en passant? Nous sommes ravis d&#039;avoir de vos nouvelles et vous encourageons \u00e0 nous faire part de tous vos commentaires et r\u00e9actions.\" \/>\n<meta name=\"robots\" content=\"index, follow, max-snippet:-1, max-image-preview:large, max-video-preview:-1\" \/>\n<link rel=\"canonical\" href=\"https:\/\/almondbreeze.ca\/fr\/contact-us\/\" \/>\n<meta property=\"og:locale\" content=\"fr_CA\" \/>\n<meta property=\"og:type\" content=\"article\" \/>\n<meta property=\"og:title\" content=\"Contactez-nous | Almond Breeze\" \/>\n<meta property=\"og:description\" content=\"Des questions, des pr\u00e9occupations, ou juste un petit bonjour en passant? Nous sommes ravis d&#039;avoir de vos nouvelles et vous encourageons \u00e0 nous faire part de tous vos commentaires et r\u00e9actions.\" \/>\n<meta property=\"og:url\" content=\"https:\/\/almondbreeze.ca\/fr\/contact-us\/\" \/>\n<meta property=\"og:site_name\" content=\"Almond Breeze\" \/>\n<meta property=\"article:modified_time\" content=\"2026-03-17T17:03:14+00:00\" \/>\n<meta property=\"og:image\" content=\"https:\/\/almondbreeze.ca\/content\/uploads\/2020\/10\/hq.jpg\" \/>\n<meta name=\"twitter:card\" content=\"summary_large_image\" \/>\n<meta name=\"twitter:label1\" content=\"Estimation du temps de lecture\" \/>\n\t<meta name=\"twitter:data1\" content=\"3 minutes\" \/>\n<script type=\"application\/ld+json\" class=\"yoast-schema-graph\">{\"@context\":\"https:\/\/schema.org\",\"@graph\":[{\"@type\":\"WebPage\",\"@id\":\"https:\/\/almondbreeze.ca\/fr\/contact-us\/\",\"url\":\"https:\/\/almondbreeze.ca\/fr\/contact-us\/\",\"name\":\"Contactez-nous | Almond Breeze\",\"isPartOf\":{\"@id\":\"https:\/\/almondbreeze.ca\/fr\/#website\"},\"primaryImageOfPage\":{\"@id\":\"https:\/\/almondbreeze.ca\/fr\/contact-us\/#primaryimage\"},\"image\":{\"@id\":\"https:\/\/almondbreeze.ca\/fr\/contact-us\/#primaryimage\"},\"thumbnailUrl\":\"https:\/\/almondbreeze.ca\/content\/uploads\/2020\/10\/hq.jpg\",\"datePublished\":\"2020-08-20T21:10:52+00:00\",\"dateModified\":\"2026-03-17T17:03:14+00:00\",\"description\":\"Des questions, des pr\u00e9occupations, ou juste un petit bonjour en passant? Nous sommes ravis d'avoir de vos nouvelles et vous encourageons \u00e0 nous faire part de tous vos commentaires et r\u00e9actions.\",\"breadcrumb\":{\"@id\":\"https:\/\/almondbreeze.ca\/fr\/contact-us\/#breadcrumb\"},\"inLanguage\":\"fr-CA\",\"potentialAction\":[{\"@type\":\"ReadAction\",\"target\":[\"https:\/\/almondbreeze.ca\/fr\/contact-us\/\"]}]},{\"@type\":\"ImageObject\",\"inLanguage\":\"fr-CA\",\"@id\":\"https:\/\/almondbreeze.ca\/fr\/contact-us\/#primaryimage\",\"url\":\"https:\/\/almondbreeze.ca\/content\/uploads\/2020\/10\/hq.jpg\",\"contentUrl\":\"https:\/\/almondbreeze.ca\/content\/uploads\/2020\/10\/hq.jpg\"},{\"@type\":\"BreadcrumbList\",\"@id\":\"https:\/\/almondbreeze.ca\/fr\/contact-us\/#breadcrumb\",\"itemListElement\":[{\"@type\":\"ListItem\",\"position\":1,\"name\":\"Home\",\"item\":\"https:\/\/almondbreeze.ca\/fr\/\"},{\"@type\":\"ListItem\",\"position\":2,\"name\":\"Contactez-nous\"}]},{\"@type\":\"WebSite\",\"@id\":\"https:\/\/almondbreeze.ca\/fr\/#website\",\"url\":\"https:\/\/almondbreeze.ca\/fr\/\",\"name\":\"Almond Breeze\",\"description\":\"\",\"publisher\":{\"@id\":\"https:\/\/almondbreeze.ca\/fr\/#organization\"},\"inLanguage\":\"fr-CA\"},{\"@type\":\"Organization\",\"@id\":\"https:\/\/almondbreeze.ca\/fr\/#organization\",\"name\":\"Blue Diamond Growers\",\"url\":\"https:\/\/almondbreeze.ca\/fr\/\",\"logo\":{\"@type\":\"ImageObject\",\"inLanguage\":\"fr-CA\",\"@id\":\"https:\/\/almondbreeze.ca\/fr\/#\/schema\/logo\/image\/\",\"url\":\"https:\/\/almondbreeze.ca\/content\/uploads\/2020\/12\/ab-ca-logo.png\",\"contentUrl\":\"https:\/\/almondbreeze.ca\/content\/uploads\/2020\/12\/ab-ca-logo.png\",\"width\":232,\"height\":174,\"caption\":\"Blue Diamond Growers\"},\"image\":{\"@id\":\"https:\/\/almondbreeze.ca\/fr\/#\/schema\/logo\/image\/\"}}]}<\/script>\n<!-- \/ Yoast SEO plugin. -->","yoast_head_json":{"title":"Contactez-nous | Almond Breeze","description":"Des questions, des pr\u00e9occupations, ou juste un petit bonjour en passant? Nous sommes ravis d'avoir de vos nouvelles et vous encourageons \u00e0 nous faire part de tous vos commentaires et r\u00e9actions.","robots":{"index":"index","follow":"follow","max-snippet":"max-snippet:-1","max-image-preview":"max-image-preview:large","max-video-preview":"max-video-preview:-1"},"canonical":"https:\/\/almondbreeze.ca\/fr\/contact-us\/","og_locale":"fr_CA","og_type":"article","og_title":"Contactez-nous | Almond Breeze","og_description":"Des questions, des pr\u00e9occupations, ou juste un petit bonjour en passant? Nous sommes ravis d'avoir de vos nouvelles et vous encourageons \u00e0 nous faire part de tous vos commentaires et r\u00e9actions.","og_url":"https:\/\/almondbreeze.ca\/fr\/contact-us\/","og_site_name":"Almond Breeze","article_modified_time":"2026-03-17T17:03:14+00:00","og_image":[{"url":"https:\/\/almondbreeze.ca\/content\/uploads\/2020\/10\/hq.jpg","type":"","width":"","height":""}],"twitter_card":"summary_large_image","twitter_misc":{"Estimation du temps de lecture":"3 minutes"},"schema":{"@context":"https:\/\/schema.org","@graph":[{"@type":"WebPage","@id":"https:\/\/almondbreeze.ca\/fr\/contact-us\/","url":"https:\/\/almondbreeze.ca\/fr\/contact-us\/","name":"Contactez-nous | Almond Breeze","isPartOf":{"@id":"https:\/\/almondbreeze.ca\/fr\/#website"},"primaryImageOfPage":{"@id":"https:\/\/almondbreeze.ca\/fr\/contact-us\/#primaryimage"},"image":{"@id":"https:\/\/almondbreeze.ca\/fr\/contact-us\/#primaryimage"},"thumbnailUrl":"https:\/\/almondbreeze.ca\/content\/uploads\/2020\/10\/hq.jpg","datePublished":"2020-08-20T21:10:52+00:00","dateModified":"2026-03-17T17:03:14+00:00","description":"Des questions, des pr\u00e9occupations, ou juste un petit bonjour en passant? Nous sommes ravis d'avoir de vos nouvelles et vous encourageons \u00e0 nous faire part de tous vos commentaires et r\u00e9actions.","breadcrumb":{"@id":"https:\/\/almondbreeze.ca\/fr\/contact-us\/#breadcrumb"},"inLanguage":"fr-CA","potentialAction":[{"@type":"ReadAction","target":["https:\/\/almondbreeze.ca\/fr\/contact-us\/"]}]},{"@type":"ImageObject","inLanguage":"fr-CA","@id":"https:\/\/almondbreeze.ca\/fr\/contact-us\/#primaryimage","url":"https:\/\/almondbreeze.ca\/content\/uploads\/2020\/10\/hq.jpg","contentUrl":"https:\/\/almondbreeze.ca\/content\/uploads\/2020\/10\/hq.jpg"},{"@type":"BreadcrumbList","@id":"https:\/\/almondbreeze.ca\/fr\/contact-us\/#breadcrumb","itemListElement":[{"@type":"ListItem","position":1,"name":"Home","item":"https:\/\/almondbreeze.ca\/fr\/"},{"@type":"ListItem","position":2,"name":"Contactez-nous"}]},{"@type":"WebSite","@id":"https:\/\/almondbreeze.ca\/fr\/#website","url":"https:\/\/almondbreeze.ca\/fr\/","name":"Almond Breeze","description":"","publisher":{"@id":"https:\/\/almondbreeze.ca\/fr\/#organization"},"inLanguage":"fr-CA"},{"@type":"Organization","@id":"https:\/\/almondbreeze.ca\/fr\/#organization","name":"Blue Diamond Growers","url":"https:\/\/almondbreeze.ca\/fr\/","logo":{"@type":"ImageObject","inLanguage":"fr-CA","@id":"https:\/\/almondbreeze.ca\/fr\/#\/schema\/logo\/image\/","url":"https:\/\/almondbreeze.ca\/content\/uploads\/2020\/12\/ab-ca-logo.png","contentUrl":"https:\/\/almondbreeze.ca\/content\/uploads\/2020\/12\/ab-ca-logo.png","width":232,"height":174,"caption":"Blue Diamond Growers"},"image":{"@id":"https:\/\/almondbreeze.ca\/fr\/#\/schema\/logo\/image\/"}}]}},"_links":{"self":[{"href":"https:\/\/almondbreeze.ca\/fr\/wp-json\/wp\/v2\/pages\/1568","targetHints":{"allow":["GET"]}}],"collection":[{"href":"https:\/\/almondbreeze.ca\/fr\/wp-json\/wp\/v2\/pages"}],"about":[{"href":"https:\/\/almondbreeze.ca\/fr\/wp-json\/wp\/v2\/types\/page"}],"author":[{"embeddable":true,"href":"https:\/\/almondbreeze.ca\/fr\/wp-json\/wp\/v2\/users\/1"}],"replies":[{"embeddable":true,"href":"https:\/\/almondbreeze.ca\/fr\/wp-json\/wp\/v2\/comments?post=1568"}],"version-history":[{"count":28,"href":"https:\/\/almondbreeze.ca\/fr\/wp-json\/wp\/v2\/pages\/1568\/revisions"}],"predecessor-version":[{"id":3286,"href":"https:\/\/almondbreeze.ca\/fr\/wp-json\/wp\/v2\/pages\/1568\/revisions\/3286"}],"wp:attachment":[{"href":"https:\/\/almondbreeze.ca\/fr\/wp-json\/wp\/v2\/media?parent=1568"}],"curies":[{"name":"wp","href":"https:\/\/api.w.org\/{rel}","templated":true}]}}