{"id":1488,"date":"2020-10-30T22:44:09","date_gmt":"2020-10-30T22:44:09","guid":{"rendered":"https:\/\/almondbreeze.ca\/?page_id=1488"},"modified":"2023-01-25T20:49:52","modified_gmt":"2023-01-25T20:49:52","slug":"product-locator","status":"publish","type":"page","link":"https:\/\/almondbreeze.ca\/fr\/product-locator\/","title":{"rendered":"Localisateur de produit"},"content":{"rendered":"\n<iframe id=\"destini\" src=\"\/\/destinilocators.com\/bluediamondnutsca\/site\/?DEFLANG=2\" scrolling=\"no\" frameborder=\"0\" style=\"width: 100%; height: 100vh\">Your browser does not support iFrames.<\/iframe>\n<script type=\"text\/javascript\" src=\"\/\/destinilocators.com\/control\/pscript.js\"><\/script>\n","protected":false},"excerpt":{"rendered":"<p>Your browser does not support iFrames.<\/p>\n","protected":false},"author":1,"featured_media":0,"parent":0,"menu_order":0,"comment_status":"closed","ping_status":"closed","template":"","meta":{"_acf_changed":false,"footnotes":""},"class_list":["post-1488","page","type-page","status-publish","hentry"],"acf":[],"yoast_head":"<!-- This site is optimized with the Yoast SEO plugin v27.1.1 - https:\/\/yoast.com\/product\/yoast-seo-wordpress\/ -->\n<title>Localisateur de produit | Almond Breeze<\/title>\n<meta name=\"description\" content=\"O\u00f9 trouver nos produits? Notre localisateur de produit vous indiquera un magasin pr\u00e8s de chez vous o\u00f9 vous pourrez trouver les produits Almond Breeze. Revenez sur ce site pour trouver des coupons et des bonnes affaires.\" \/>\n<meta name=\"robots\" content=\"index, follow, max-snippet:-1, max-image-preview:large, max-video-preview:-1\" \/>\n<link rel=\"canonical\" href=\"https:\/\/almondbreeze.ca\/fr\/product-locator\/\" \/>\n<meta property=\"og:locale\" content=\"fr_CA\" \/>\n<meta property=\"og:type\" content=\"article\" \/>\n<meta property=\"og:title\" content=\"Localisateur de produit | Almond Breeze\" \/>\n<meta property=\"og:description\" content=\"O\u00f9 trouver nos produits? Notre localisateur de produit vous indiquera un magasin pr\u00e8s de chez vous o\u00f9 vous pourrez trouver les produits Almond Breeze. Revenez sur ce site pour trouver des coupons et des bonnes affaires.\" \/>\n<meta property=\"og:url\" content=\"https:\/\/almondbreeze.ca\/fr\/product-locator\/\" \/>\n<meta property=\"og:site_name\" content=\"Almond Breeze\" \/>\n<meta property=\"article:modified_time\" content=\"2023-01-25T20:49:52+00:00\" \/>\n<meta name=\"twitter:card\" content=\"summary_large_image\" \/>\n<meta name=\"twitter:label1\" content=\"Estimation du temps de lecture\" \/>\n\t<meta name=\"twitter:data1\" content=\"1 minute\" \/>\n<script type=\"application\/ld+json\" class=\"yoast-schema-graph\">{\"@context\":\"https:\/\/schema.org\",\"@graph\":[{\"@type\":\"WebPage\",\"@id\":\"https:\/\/almondbreeze.ca\/fr\/product-locator\/\",\"url\":\"https:\/\/almondbreeze.ca\/fr\/product-locator\/\",\"name\":\"Localisateur de produit | Almond Breeze\",\"isPartOf\":{\"@id\":\"https:\/\/almondbreeze.ca\/fr\/#website\"},\"datePublished\":\"2020-10-30T22:44:09+00:00\",\"dateModified\":\"2023-01-25T20:49:52+00:00\",\"description\":\"O\u00f9 trouver nos produits? Notre localisateur de produit vous indiquera un magasin pr\u00e8s de chez vous o\u00f9 vous pourrez trouver les produits Almond Breeze. Revenez sur ce site pour trouver des coupons et des bonnes affaires.\",\"breadcrumb\":{\"@id\":\"https:\/\/almondbreeze.ca\/fr\/product-locator\/#breadcrumb\"},\"inLanguage\":\"fr-CA\",\"potentialAction\":[{\"@type\":\"ReadAction\",\"target\":[\"https:\/\/almondbreeze.ca\/fr\/product-locator\/\"]}]},{\"@type\":\"BreadcrumbList\",\"@id\":\"https:\/\/almondbreeze.ca\/fr\/product-locator\/#breadcrumb\",\"itemListElement\":[{\"@type\":\"ListItem\",\"position\":1,\"name\":\"Home\",\"item\":\"https:\/\/almondbreeze.ca\/fr\/\"},{\"@type\":\"ListItem\",\"position\":2,\"name\":\"Localisateur de produit\"}]},{\"@type\":\"WebSite\",\"@id\":\"https:\/\/almondbreeze.ca\/fr\/#website\",\"url\":\"https:\/\/almondbreeze.ca\/fr\/\",\"name\":\"Almond Breeze\",\"description\":\"\",\"publisher\":{\"@id\":\"https:\/\/almondbreeze.ca\/fr\/#organization\"},\"inLanguage\":\"fr-CA\"},{\"@type\":\"Organization\",\"@id\":\"https:\/\/almondbreeze.ca\/fr\/#organization\",\"name\":\"Blue Diamond Growers\",\"url\":\"https:\/\/almondbreeze.ca\/fr\/\",\"logo\":{\"@type\":\"ImageObject\",\"inLanguage\":\"fr-CA\",\"@id\":\"https:\/\/almondbreeze.ca\/fr\/#\/schema\/logo\/image\/\",\"url\":\"https:\/\/almondbreeze.ca\/content\/uploads\/2020\/12\/ab-ca-logo.png\",\"contentUrl\":\"https:\/\/almondbreeze.ca\/content\/uploads\/2020\/12\/ab-ca-logo.png\",\"width\":232,\"height\":174,\"caption\":\"Blue Diamond Growers\"},\"image\":{\"@id\":\"https:\/\/almondbreeze.ca\/fr\/#\/schema\/logo\/image\/\"}}]}<\/script>\n<!-- \/ Yoast SEO plugin. -->","yoast_head_json":{"title":"Localisateur de produit | Almond Breeze","description":"O\u00f9 trouver nos produits? Notre localisateur de produit vous indiquera un magasin pr\u00e8s de chez vous o\u00f9 vous pourrez trouver les produits Almond Breeze. Revenez sur ce site pour trouver des coupons et des bonnes affaires.","robots":{"index":"index","follow":"follow","max-snippet":"max-snippet:-1","max-image-preview":"max-image-preview:large","max-video-preview":"max-video-preview:-1"},"canonical":"https:\/\/almondbreeze.ca\/fr\/product-locator\/","og_locale":"fr_CA","og_type":"article","og_title":"Localisateur de produit | Almond Breeze","og_description":"O\u00f9 trouver nos produits? Notre localisateur de produit vous indiquera un magasin pr\u00e8s de chez vous o\u00f9 vous pourrez trouver les produits Almond Breeze. Revenez sur ce site pour trouver des coupons et des bonnes affaires.","og_url":"https:\/\/almondbreeze.ca\/fr\/product-locator\/","og_site_name":"Almond Breeze","article_modified_time":"2023-01-25T20:49:52+00:00","twitter_card":"summary_large_image","twitter_misc":{"Estimation du temps de lecture":"1 minute"},"schema":{"@context":"https:\/\/schema.org","@graph":[{"@type":"WebPage","@id":"https:\/\/almondbreeze.ca\/fr\/product-locator\/","url":"https:\/\/almondbreeze.ca\/fr\/product-locator\/","name":"Localisateur de produit | Almond Breeze","isPartOf":{"@id":"https:\/\/almondbreeze.ca\/fr\/#website"},"datePublished":"2020-10-30T22:44:09+00:00","dateModified":"2023-01-25T20:49:52+00:00","description":"O\u00f9 trouver nos produits? Notre localisateur de produit vous indiquera un magasin pr\u00e8s de chez vous o\u00f9 vous pourrez trouver les produits Almond Breeze. Revenez sur ce site pour trouver des coupons et des bonnes affaires.","breadcrumb":{"@id":"https:\/\/almondbreeze.ca\/fr\/product-locator\/#breadcrumb"},"inLanguage":"fr-CA","potentialAction":[{"@type":"ReadAction","target":["https:\/\/almondbreeze.ca\/fr\/product-locator\/"]}]},{"@type":"BreadcrumbList","@id":"https:\/\/almondbreeze.ca\/fr\/product-locator\/#breadcrumb","itemListElement":[{"@type":"ListItem","position":1,"name":"Home","item":"https:\/\/almondbreeze.ca\/fr\/"},{"@type":"ListItem","position":2,"name":"Localisateur de produit"}]},{"@type":"WebSite","@id":"https:\/\/almondbreeze.ca\/fr\/#website","url":"https:\/\/almondbreeze.ca\/fr\/","name":"Almond Breeze","description":"","publisher":{"@id":"https:\/\/almondbreeze.ca\/fr\/#organization"},"inLanguage":"fr-CA"},{"@type":"Organization","@id":"https:\/\/almondbreeze.ca\/fr\/#organization","name":"Blue Diamond Growers","url":"https:\/\/almondbreeze.ca\/fr\/","logo":{"@type":"ImageObject","inLanguage":"fr-CA","@id":"https:\/\/almondbreeze.ca\/fr\/#\/schema\/logo\/image\/","url":"https:\/\/almondbreeze.ca\/content\/uploads\/2020\/12\/ab-ca-logo.png","contentUrl":"https:\/\/almondbreeze.ca\/content\/uploads\/2020\/12\/ab-ca-logo.png","width":232,"height":174,"caption":"Blue Diamond Growers"},"image":{"@id":"https:\/\/almondbreeze.ca\/fr\/#\/schema\/logo\/image\/"}}]}},"_links":{"self":[{"href":"https:\/\/almondbreeze.ca\/fr\/wp-json\/wp\/v2\/pages\/1488","targetHints":{"allow":["GET"]}}],"collection":[{"href":"https:\/\/almondbreeze.ca\/fr\/wp-json\/wp\/v2\/pages"}],"about":[{"href":"https:\/\/almondbreeze.ca\/fr\/wp-json\/wp\/v2\/types\/page"}],"author":[{"embeddable":true,"href":"https:\/\/almondbreeze.ca\/fr\/wp-json\/wp\/v2\/users\/1"}],"replies":[{"embeddable":true,"href":"https:\/\/almondbreeze.ca\/fr\/wp-json\/wp\/v2\/comments?post=1488"}],"version-history":[{"count":4,"href":"https:\/\/almondbreeze.ca\/fr\/wp-json\/wp\/v2\/pages\/1488\/revisions"}],"predecessor-version":[{"id":2796,"href":"https:\/\/almondbreeze.ca\/fr\/wp-json\/wp\/v2\/pages\/1488\/revisions\/2796"}],"wp:attachment":[{"href":"https:\/\/almondbreeze.ca\/fr\/wp-json\/wp\/v2\/media?parent=1488"}],"curies":[{"name":"wp","href":"https:\/\/api.w.org\/{rel}","templated":true}]}}