{"id":1404,"date":"2020-08-20T21:09:46","date_gmt":"2020-08-20T21:09:46","guid":{"rendered":"https:\/\/almondbreeze.ca\/about-us\/"},"modified":"2023-06-02T17:49:06","modified_gmt":"2023-06-02T17:49:06","slug":"about-us","status":"publish","type":"page","link":"https:\/\/almondbreeze.ca\/fr\/about-us\/","title":{"rendered":"\u00c0 propos de nous"},"content":{"rendered":"<div class=\"full-width\">  \n\n<div class=\"wp-block-cover\"><span aria-hidden=\"true\" class=\"has-background-dim-60 wp-block-cover__gradient-background has-background-dim\" style=\"background-color:#14216a\"><\/span><img loading=\"lazy\" decoding=\"async\" width=\"1680\" height=\"958\" class=\"wp-block-cover__image-background wp-image-1372\" alt=\"Background image\" src=\"https:\/\/almondbreeze.ca\/content\/uploads\/2020\/10\/growers-hero-1.jpg\" style=\"object-position:20% 28%\" data-object-fit=\"cover\" data-object-position=\"20% 28%\" srcset=\"https:\/\/almondbreeze.ca\/content\/uploads\/2020\/10\/growers-hero-1.jpg 1680w, https:\/\/almondbreeze.ca\/content\/uploads\/2020\/10\/growers-hero-1-800x456.jpg 800w, https:\/\/almondbreeze.ca\/content\/uploads\/2020\/10\/growers-hero-1-1200x684.jpg 1200w, https:\/\/almondbreeze.ca\/content\/uploads\/2020\/10\/growers-hero-1-768x438.jpg 768w, https:\/\/almondbreeze.ca\/content\/uploads\/2020\/10\/growers-hero-1-1536x876.jpg 1536w, https:\/\/almondbreeze.ca\/content\/uploads\/2020\/10\/growers-hero-1-360x205.jpg 360w\" sizes=\"auto, (max-width: 1680px) 100vw, 1680px\" \/><div class=\"wp-block-cover__inner-container is-layout-flow wp-block-cover-is-layout-flow\">\n\n<h1 class=\"has-text-align-center wp-block-heading\" id=\"blue-diamond-almond-breeze\">Blue Diamond Almond Breeze<sup>&reg;<\/sup><\/h1>\n\n<\/div><\/div>\n\n<\/div>\n\n    <div\n      class=\"callout-container test is-style-width-small\"\n          >\n      <div class=\"wrapper\">\n        <div class=\"inner\">\n          \n\n<p class=\"has-text-align-center is-style-big-text has-text-color\" style=\"color:#14216a\"><strong>D\u00e9couvrez pourquoi nous aimons tant les amandes.<\/strong><\/p>\n\n\n        <\/div>\n      <\/div>\n    <\/div>\n    \n\n    <div\n      class=\"orchid-container background-brown-mountains\"\n          >\n      <div class=\"content\">\n        \n\n<h2 class=\"wp-block-heading has-text-align-center\" id=\"quality-is-our-legacy\">La qualit\u00e9 est notre patrimoine<\/h2>\n\n\n\n<p class=\"has-text-align-center\">C\u2019est le fruit de notre engagement envers un savoir-faire et un soin apport\u00e9 \u00e0 chaque \u00e9tape du proc\u00e9d\u00e9 de fabrication. Ces innombrables d\u00e9cisions subtiles d\u00e9bouchent sur une belle r\u00e9compense. En tant que coop\u00e9rative de plus de 3 000 producteurs, avec un seul objectif en t\u00eate, celui de faire d\u00e9couvrir au monde les bienfaits des amandes, nous sommes les pionniers de la d\u00e9gustation des amandes depuis plus de 100 ans, y compris sous la forme de notre merveilleuse boisson d\u2019amande Almond Breeze.<\/p>\n\n\n\n<div style=\"height:20px\" aria-hidden=\"true\" class=\"wp-block-spacer\"><\/div>\n\n\n\n<div class=\"wp-block-buttons is-content-justification-center is-layout-flex wp-container-core-buttons-is-layout-16018d1d wp-block-buttons-is-layout-flex\">\n<div class=\"wp-block-button\"><a class=\"wp-block-button__link wp-element-button\" href=\"https:\/\/almondbreeze.ca\/fr\/our-growers\/\">Rencontrez nos producteurs<\/a><\/div>\n<\/div>\n\n\n      <\/div>\n      <div class=\"decorative-image decorative-image-left\"><\/div>\n      <div class=\"decorative-image decorative-image-right\"><\/div>\n    <\/div>\n    \n\n\n<div class=\"wp-block-group\"><div class=\"wp-block-group__inner-container is-layout-flow wp-block-group-is-layout-flow\">\n<div style=\"height:100px\" aria-hidden=\"true\" class=\"wp-block-spacer\"><\/div>\n\n\n\n<h2 class=\"wp-block-heading has-text-align-center\" id=\"almonds-are-all-we-do\">Les amandes sont notre passion<\/h2>\n\n\n\n<p class=\"has-text-align-center is-style-reduced-width-big-text\">Lorsqu\u2019il s\u2019agit de cr\u00e9er de d\u00e9licieux produits aux amandes qui se pr\u00eatent \u00e0 de nombreuses recettes, nous ne manquons jamais d\u2019id\u00e9es. \u00c0 chaque \u00e9tape du proc\u00e9d\u00e9 de fabrication, nous nous effor\u00e7ons de garantir la production d\u2019un produit de la plus haute qualit\u00e9. Nous voulons que vous aimiez notre produit autant que nous, c\u2019est pourquoi nous innovons constamment dans de nouvelles fa\u00e7ons pour vous de les d\u00e9guster.<\/p>\n\n\n\n<div style=\"height:20px\" aria-hidden=\"true\" class=\"wp-block-spacer\"><\/div>\n\n\n\n<div class=\"wp-block-buttons is-content-justification-center is-layout-flex wp-container-core-buttons-is-layout-16018d1d wp-block-buttons-is-layout-flex\">\n<div class=\"wp-block-button\"><a class=\"wp-block-button__link wp-element-button\" href=\"https:\/\/almondbreeze.ca\/fr\/product-locator\/\">Voir les produits<\/a><\/div>\n<\/div>\n\n\n\n<div style=\"height:100px\" aria-hidden=\"true\" class=\"wp-block-spacer\"><\/div>\n\n\n\n<p><\/p>\n<\/div><\/div>\n\n\n<div class=\"full-width\">  \n<div class=\"wp-block-image no-margin\">\n<figure class=\"aligncenter size-full\"><img loading=\"lazy\" decoding=\"async\" width=\"2401\" height=\"389\" src=\"https:\/\/almondbreeze.ca\/content\/uploads\/2023\/02\/Footer-Product-Family_French-min.jpg\" alt=\"\" class=\"wp-image-2842\" srcset=\"https:\/\/almondbreeze.ca\/content\/uploads\/2023\/02\/Footer-Product-Family_French-min.jpg 2401w, https:\/\/almondbreeze.ca\/content\/uploads\/2023\/02\/Footer-Product-Family_French-min-800x130.jpg 800w, https:\/\/almondbreeze.ca\/content\/uploads\/2023\/02\/Footer-Product-Family_French-min-1200x194.jpg 1200w, https:\/\/almondbreeze.ca\/content\/uploads\/2023\/02\/Footer-Product-Family_French-min-768x124.jpg 768w, https:\/\/almondbreeze.ca\/content\/uploads\/2023\/02\/Footer-Product-Family_French-min-1536x249.jpg 1536w, https:\/\/almondbreeze.ca\/content\/uploads\/2023\/02\/Footer-Product-Family_French-min-2048x332.jpg 2048w, https:\/\/almondbreeze.ca\/content\/uploads\/2023\/02\/Footer-Product-Family_French-min-360x58.jpg 360w\" sizes=\"auto, (max-width: 2401px) 100vw, 2401px\" \/><\/figure>\n<\/div>\n<\/div>\n\n<div class=\"full-width\">  \n\n<div class=\"wp-block-cover\"><span aria-hidden=\"true\" class=\"wp-block-cover__background has-background-dim\"><\/span><img loading=\"lazy\" decoding=\"async\" width=\"1680\" height=\"938\" class=\"wp-block-cover__image-background wp-image-1380\" alt=\"Background image\" src=\"https:\/\/almondbreeze.ca\/content\/uploads\/2020\/10\/kids-in-orchard.jpg\" data-object-fit=\"cover\" srcset=\"https:\/\/almondbreeze.ca\/content\/uploads\/2020\/10\/kids-in-orchard.jpg 1680w, https:\/\/almondbreeze.ca\/content\/uploads\/2020\/10\/kids-in-orchard-800x447.jpg 800w, https:\/\/almondbreeze.ca\/content\/uploads\/2020\/10\/kids-in-orchard-1200x670.jpg 1200w, https:\/\/almondbreeze.ca\/content\/uploads\/2020\/10\/kids-in-orchard-768x429.jpg 768w, https:\/\/almondbreeze.ca\/content\/uploads\/2020\/10\/kids-in-orchard-1536x858.jpg 1536w, https:\/\/almondbreeze.ca\/content\/uploads\/2020\/10\/kids-in-orchard-360x201.jpg 360w\" sizes=\"auto, (max-width: 1680px) 100vw, 1680px\" \/><div class=\"wp-block-cover__inner-container is-layout-flow wp-block-cover-is-layout-flow\">\n\n<div style=\"height:220px\" aria-hidden=\"true\" class=\"wp-block-spacer\"><\/div>\n\n\n<h2 class=\"has-text-align-center wp-block-heading\" id=\"a-family-operation\">Une entreprise familiale<\/h2>\n\n\n<p class=\"has-text-align-center is-style-reduced-width-big-text\">\u00catre une coop\u00e9rative de producteurs est primordial pour nous pour de nombreuses raisons. Celle qui nous tient particuli\u00e8rement \u00e0 c\u0153ur est d\u2019avoir la capacit\u00e9 de travailler avec des gens qui aiment les amandes autant que nous et qui se soucient autant des \u00e9cosyst\u00e8mes sains que du r\u00e9sultat. Apprenez-en plus sur nos pratiques de d\u00e9veloppement durable.<\/p>\n\n\n<div class=\"wp-block-buttons is-content-justification-center is-layout-flex wp-container-core-buttons-is-layout-16018d1d wp-block-buttons-is-layout-flex\">\n\n<div class=\"wp-block-button\"><a class=\"wp-block-button__link\" href=\"https:\/\/almondbreeze.ca\/fr\/sustainability\/\">Voir notre proc\u00e9d\u00e9 de fabrication<\/a><\/div>\n\n<\/div>\n\n\n<div style=\"height:40px\" aria-hidden=\"true\" class=\"wp-block-spacer\"><\/div>\n\n<\/div><\/div>\n\n<\/div>","protected":false},"excerpt":{"rendered":"<p>Les amandes sont notre passion Lorsqu\u2019il s\u2019agit de cr\u00e9er de d\u00e9licieux produits aux amandes qui se pr\u00eatent \u00e0 de nombreuses recettes, nous ne manquons jamais d\u2019id\u00e9es. \u00c0 chaque \u00e9tape du&#8230;<\/p>\n","protected":false},"author":1,"featured_media":0,"parent":0,"menu_order":0,"comment_status":"closed","ping_status":"closed","template":"","meta":{"_acf_changed":false,"footnotes":""},"class_list":["post-1404","page","type-page","status-publish","hentry"],"acf":[],"yoast_head":"<!-- This site is optimized with the Yoast SEO plugin v27.1.1 - https:\/\/yoast.com\/product\/yoast-seo-wordpress\/ -->\n<title>\u00c0 propos de nous | Almond Breeze<\/title>\n<meta name=\"description\" content=\"D\u00e9couvrez comment notre qualit\u00e9 et l&#039;histoire de Blue Diamond pour produire les meilleures amandes pour les meilleures boissons d\u2019amande r\u00e9v\u00e8le notre savoir-faire.\" \/>\n<meta name=\"robots\" content=\"index, follow, max-snippet:-1, max-image-preview:large, max-video-preview:-1\" \/>\n<link rel=\"canonical\" href=\"https:\/\/almondbreeze.ca\/fr\/about-us\/\" \/>\n<meta property=\"og:locale\" content=\"fr_CA\" \/>\n<meta property=\"og:type\" content=\"article\" \/>\n<meta property=\"og:title\" content=\"\u00c0 propos de nous | Almond Breeze\" \/>\n<meta property=\"og:description\" content=\"D\u00e9couvrez comment notre qualit\u00e9 et l&#039;histoire de Blue Diamond pour produire les meilleures amandes pour les meilleures boissons d\u2019amande r\u00e9v\u00e8le notre savoir-faire.\" \/>\n<meta property=\"og:url\" content=\"https:\/\/almondbreeze.ca\/fr\/about-us\/\" \/>\n<meta property=\"og:site_name\" content=\"Almond Breeze\" \/>\n<meta property=\"article:modified_time\" content=\"2023-06-02T17:49:06+00:00\" \/>\n<meta property=\"og:image\" content=\"https:\/\/almondbreeze.ca\/content\/uploads\/2020\/10\/growers-hero-1.jpg\" \/>\n<meta name=\"twitter:card\" content=\"summary_large_image\" \/>\n<meta name=\"twitter:label1\" content=\"Estimation du temps de lecture\" \/>\n\t<meta name=\"twitter:data1\" content=\"2 minutes\" \/>\n<script type=\"application\/ld+json\" class=\"yoast-schema-graph\">{\"@context\":\"https:\/\/schema.org\",\"@graph\":[{\"@type\":\"WebPage\",\"@id\":\"https:\/\/almondbreeze.ca\/fr\/about-us\/\",\"url\":\"https:\/\/almondbreeze.ca\/fr\/about-us\/\",\"name\":\"\u00c0 propos de nous | Almond Breeze\",\"isPartOf\":{\"@id\":\"https:\/\/almondbreeze.ca\/fr\/#website\"},\"primaryImageOfPage\":{\"@id\":\"https:\/\/almondbreeze.ca\/fr\/about-us\/#primaryimage\"},\"image\":{\"@id\":\"https:\/\/almondbreeze.ca\/fr\/about-us\/#primaryimage\"},\"thumbnailUrl\":\"https:\/\/almondbreeze.ca\/content\/uploads\/2020\/10\/growers-hero-1.jpg\",\"datePublished\":\"2020-08-20T21:09:46+00:00\",\"dateModified\":\"2023-06-02T17:49:06+00:00\",\"description\":\"D\u00e9couvrez comment notre qualit\u00e9 et l'histoire de Blue Diamond pour produire les meilleures amandes pour les meilleures boissons d\u2019amande r\u00e9v\u00e8le notre savoir-faire.\",\"breadcrumb\":{\"@id\":\"https:\/\/almondbreeze.ca\/fr\/about-us\/#breadcrumb\"},\"inLanguage\":\"fr-CA\",\"potentialAction\":[{\"@type\":\"ReadAction\",\"target\":[\"https:\/\/almondbreeze.ca\/fr\/about-us\/\"]}]},{\"@type\":\"ImageObject\",\"inLanguage\":\"fr-CA\",\"@id\":\"https:\/\/almondbreeze.ca\/fr\/about-us\/#primaryimage\",\"url\":\"https:\/\/almondbreeze.ca\/content\/uploads\/2020\/10\/growers-hero-1.jpg\",\"contentUrl\":\"https:\/\/almondbreeze.ca\/content\/uploads\/2020\/10\/growers-hero-1.jpg\"},{\"@type\":\"BreadcrumbList\",\"@id\":\"https:\/\/almondbreeze.ca\/fr\/about-us\/#breadcrumb\",\"itemListElement\":[{\"@type\":\"ListItem\",\"position\":1,\"name\":\"Home\",\"item\":\"https:\/\/almondbreeze.ca\/fr\/\"},{\"@type\":\"ListItem\",\"position\":2,\"name\":\"\u00c0 propos de nous\"}]},{\"@type\":\"WebSite\",\"@id\":\"https:\/\/almondbreeze.ca\/fr\/#website\",\"url\":\"https:\/\/almondbreeze.ca\/fr\/\",\"name\":\"Almond Breeze\",\"description\":\"\",\"publisher\":{\"@id\":\"https:\/\/almondbreeze.ca\/fr\/#organization\"},\"inLanguage\":\"fr-CA\"},{\"@type\":\"Organization\",\"@id\":\"https:\/\/almondbreeze.ca\/fr\/#organization\",\"name\":\"Blue Diamond Growers\",\"url\":\"https:\/\/almondbreeze.ca\/fr\/\",\"logo\":{\"@type\":\"ImageObject\",\"inLanguage\":\"fr-CA\",\"@id\":\"https:\/\/almondbreeze.ca\/fr\/#\/schema\/logo\/image\/\",\"url\":\"https:\/\/almondbreeze.ca\/content\/uploads\/2020\/12\/ab-ca-logo.png\",\"contentUrl\":\"https:\/\/almondbreeze.ca\/content\/uploads\/2020\/12\/ab-ca-logo.png\",\"width\":232,\"height\":174,\"caption\":\"Blue Diamond Growers\"},\"image\":{\"@id\":\"https:\/\/almondbreeze.ca\/fr\/#\/schema\/logo\/image\/\"}}]}<\/script>\n<!-- \/ Yoast SEO plugin. -->","yoast_head_json":{"title":"\u00c0 propos de nous | Almond Breeze","description":"D\u00e9couvrez comment notre qualit\u00e9 et l'histoire de Blue Diamond pour produire les meilleures amandes pour les meilleures boissons d\u2019amande r\u00e9v\u00e8le notre savoir-faire.","robots":{"index":"index","follow":"follow","max-snippet":"max-snippet:-1","max-image-preview":"max-image-preview:large","max-video-preview":"max-video-preview:-1"},"canonical":"https:\/\/almondbreeze.ca\/fr\/about-us\/","og_locale":"fr_CA","og_type":"article","og_title":"\u00c0 propos de nous | Almond Breeze","og_description":"D\u00e9couvrez comment notre qualit\u00e9 et l'histoire de Blue Diamond pour produire les meilleures amandes pour les meilleures boissons d\u2019amande r\u00e9v\u00e8le notre savoir-faire.","og_url":"https:\/\/almondbreeze.ca\/fr\/about-us\/","og_site_name":"Almond Breeze","article_modified_time":"2023-06-02T17:49:06+00:00","og_image":[{"url":"https:\/\/almondbreeze.ca\/content\/uploads\/2020\/10\/growers-hero-1.jpg","type":"","width":"","height":""}],"twitter_card":"summary_large_image","twitter_misc":{"Estimation du temps de lecture":"2 minutes"},"schema":{"@context":"https:\/\/schema.org","@graph":[{"@type":"WebPage","@id":"https:\/\/almondbreeze.ca\/fr\/about-us\/","url":"https:\/\/almondbreeze.ca\/fr\/about-us\/","name":"\u00c0 propos de nous | Almond Breeze","isPartOf":{"@id":"https:\/\/almondbreeze.ca\/fr\/#website"},"primaryImageOfPage":{"@id":"https:\/\/almondbreeze.ca\/fr\/about-us\/#primaryimage"},"image":{"@id":"https:\/\/almondbreeze.ca\/fr\/about-us\/#primaryimage"},"thumbnailUrl":"https:\/\/almondbreeze.ca\/content\/uploads\/2020\/10\/growers-hero-1.jpg","datePublished":"2020-08-20T21:09:46+00:00","dateModified":"2023-06-02T17:49:06+00:00","description":"D\u00e9couvrez comment notre qualit\u00e9 et l'histoire de Blue Diamond pour produire les meilleures amandes pour les meilleures boissons d\u2019amande r\u00e9v\u00e8le notre savoir-faire.","breadcrumb":{"@id":"https:\/\/almondbreeze.ca\/fr\/about-us\/#breadcrumb"},"inLanguage":"fr-CA","potentialAction":[{"@type":"ReadAction","target":["https:\/\/almondbreeze.ca\/fr\/about-us\/"]}]},{"@type":"ImageObject","inLanguage":"fr-CA","@id":"https:\/\/almondbreeze.ca\/fr\/about-us\/#primaryimage","url":"https:\/\/almondbreeze.ca\/content\/uploads\/2020\/10\/growers-hero-1.jpg","contentUrl":"https:\/\/almondbreeze.ca\/content\/uploads\/2020\/10\/growers-hero-1.jpg"},{"@type":"BreadcrumbList","@id":"https:\/\/almondbreeze.ca\/fr\/about-us\/#breadcrumb","itemListElement":[{"@type":"ListItem","position":1,"name":"Home","item":"https:\/\/almondbreeze.ca\/fr\/"},{"@type":"ListItem","position":2,"name":"\u00c0 propos de nous"}]},{"@type":"WebSite","@id":"https:\/\/almondbreeze.ca\/fr\/#website","url":"https:\/\/almondbreeze.ca\/fr\/","name":"Almond Breeze","description":"","publisher":{"@id":"https:\/\/almondbreeze.ca\/fr\/#organization"},"inLanguage":"fr-CA"},{"@type":"Organization","@id":"https:\/\/almondbreeze.ca\/fr\/#organization","name":"Blue Diamond Growers","url":"https:\/\/almondbreeze.ca\/fr\/","logo":{"@type":"ImageObject","inLanguage":"fr-CA","@id":"https:\/\/almondbreeze.ca\/fr\/#\/schema\/logo\/image\/","url":"https:\/\/almondbreeze.ca\/content\/uploads\/2020\/12\/ab-ca-logo.png","contentUrl":"https:\/\/almondbreeze.ca\/content\/uploads\/2020\/12\/ab-ca-logo.png","width":232,"height":174,"caption":"Blue Diamond Growers"},"image":{"@id":"https:\/\/almondbreeze.ca\/fr\/#\/schema\/logo\/image\/"}}]}},"_links":{"self":[{"href":"https:\/\/almondbreeze.ca\/fr\/wp-json\/wp\/v2\/pages\/1404","targetHints":{"allow":["GET"]}}],"collection":[{"href":"https:\/\/almondbreeze.ca\/fr\/wp-json\/wp\/v2\/pages"}],"about":[{"href":"https:\/\/almondbreeze.ca\/fr\/wp-json\/wp\/v2\/types\/page"}],"author":[{"embeddable":true,"href":"https:\/\/almondbreeze.ca\/fr\/wp-json\/wp\/v2\/users\/1"}],"replies":[{"embeddable":true,"href":"https:\/\/almondbreeze.ca\/fr\/wp-json\/wp\/v2\/comments?post=1404"}],"version-history":[{"count":21,"href":"https:\/\/almondbreeze.ca\/fr\/wp-json\/wp\/v2\/pages\/1404\/revisions"}],"predecessor-version":[{"id":3007,"href":"https:\/\/almondbreeze.ca\/fr\/wp-json\/wp\/v2\/pages\/1404\/revisions\/3007"}],"wp:attachment":[{"href":"https:\/\/almondbreeze.ca\/fr\/wp-json\/wp\/v2\/media?parent=1404"}],"curies":[{"name":"wp","href":"https:\/\/api.w.org\/{rel}","templated":true}]}}