{"id":1287,"date":"2020-10-21T16:42:57","date_gmt":"2020-10-21T16:42:57","guid":{"rendered":"https:\/\/almondbreeze.ca\/home\/"},"modified":"2025-02-27T21:43:26","modified_gmt":"2025-02-27T21:43:26","slug":"home","status":"publish","type":"page","link":"https:\/\/almondbreeze.ca\/fr\/","title":{"rendered":"Home"},"content":{"rendered":"\n<div class=\"wp-block-group homepage-hero\"><div class=\"wp-block-group__inner-container is-layout-constrained wp-block-group-is-layout-constrained\">\n<div class=\"wp-block-columns inner is-layout-flex wp-container-core-columns-is-layout-9d6595d7 wp-block-columns-is-layout-flex\">\n<div class=\"wp-block-column cqw is-layout-flow wp-block-column-is-layout-flow\" style=\"flex-basis:60%\">\n<h1 class=\"wp-block-heading\">Une d\u00e9licieuse et bonne source de calcium.<\/h1>\n<\/div>\n\n\n\n<div class=\"wp-block-column is-layout-flow wp-block-column-is-layout-flow\"><div class=\"wp-block-image hero-lockup\">\n<figure class=\"aligncenter size-large\"><img loading=\"lazy\" decoding=\"async\" width=\"923\" height=\"1200\" src=\"https:\/\/almondbreeze.ca\/content\/uploads\/2025\/02\/ab-hero-lockup-french-923x1200.png\" alt=\"Almond Breeze Non Sucr\u00e9 Originale\" class=\"wp-image-3272\" srcset=\"https:\/\/almondbreeze.ca\/content\/uploads\/2025\/02\/ab-hero-lockup-french-923x1200.png 923w, https:\/\/almondbreeze.ca\/content\/uploads\/2025\/02\/ab-hero-lockup-french-615x800.png 615w, https:\/\/almondbreeze.ca\/content\/uploads\/2025\/02\/ab-hero-lockup-french-768x998.png 768w, https:\/\/almondbreeze.ca\/content\/uploads\/2025\/02\/ab-hero-lockup-french-308x400.png 308w, https:\/\/almondbreeze.ca\/content\/uploads\/2025\/02\/ab-hero-lockup-french-623x810.png 623w, https:\/\/almondbreeze.ca\/content\/uploads\/2025\/02\/ab-hero-lockup-french-1038x1350.png 1038w, https:\/\/almondbreeze.ca\/content\/uploads\/2025\/02\/ab-hero-lockup-french.png 1100w\" sizes=\"auto, (max-width: 923px) 100vw, 923px\" \/><\/figure>\n<\/div><\/div>\n<\/div>\n<\/div><\/div>\n\n\n\n    <section class=\"almondbreeze-smoothie-hero product-component\">\n        <div class=\"container\">\n            <div class=\"text\">\n                                    <h2 class=\"headline\">C&#8217;est l&#8217;heure du smoothie!<\/h2>\n                                                    <h5 class=\"headline\">Essayez notre nouvel identificateur de smoothie<\/h5>\n                                                    <div class=\"content\">\n                    <p>Notre identificateur de smoothie interactif ouvre la voie \u00e0 des possibilit\u00e9s infinies. Avec nos d\u00e9licieuses recettes Almond Breeze, d\u00e9couvrez le smoothie fait pour vous.<\/p>\n                    <\/div>\n                \n                                    <p class=\"button-holder\">\n                    <a\n                        href=\"\/fr\/smoothie-interactif\/\"\n                        class=\"button\"\n                                            >D\u00e9couvrez le smoothie qui vous correspond                    <\/a>\n                    <\/p>\n                            <\/div>\n    <\/div>\n    <\/section>\n    \n\n    <div\n      class=\"callout-container is-style-width-full coffee-recipes\"\n          >\n      <div class=\"wrapper\">\n        <div class=\"inner\">\n          \n\n<h2 class=\"wp-block-heading\">D\u00e9couvrez vos talents de barista<\/h2>\n\n\n\n<p>\u00c9levez votre exp\u00e9rience du caf\u00e9 chez vous avec Almond Breeze. Trouvez la recette qui vous correspond, apprenez comment obtenir une belle mousse, et bien d&#8217;autres choses sur notre nouvelle destination caf\u00e9.<\/p>\n\n\n\n<div class=\"wp-block-buttons is-layout-flex wp-block-buttons-is-layout-flex\">\n<div class=\"wp-block-button is-style-light-blue\"><a class=\"wp-block-button__link wp-element-button\" href=\"https:\/\/almondbreeze.ca\/fr\/almond-breeze-cafe-recettes\/\">Lancez-vous<\/a><\/div>\n<\/div>\n\n\n        <\/div>\n      <\/div>\n    <\/div>\n    \n\n    <div\n      class=\"orchid-container background-brown-mountains\"\n          >\n      <div class=\"content\">\n        \n\n<h2 class=\"wp-block-heading has-text-align-center\" id=\"pour-l-amour-des-amandes\"><strong>Pour l\u2019amour des amandes<\/strong><\/h2>\n\n\n\n<p class=\"has-text-align-center\">Quand il s\u2019agit de cr\u00e9er un produit d\u00e9licieux, nous nous assurons de faire tout notre possible pour cr\u00e9er un impact positif du d\u00e9but \u00e0 la fin.&nbsp;<\/p>\n\n\n\n<div style=\"height:40px\" aria-hidden=\"true\" class=\"wp-block-spacer\"><\/div>\n\n\n\n<hr class=\"wp-block-separator has-css-opacity is-style-medium-width is-style-blue is-style-diamond\"\/>\n\n\n\n<div style=\"height:40px\" aria-hidden=\"true\" class=\"wp-block-spacer\"><\/div>\n\n\n\n<div class=\"wp-block-columns is-layout-flex wp-container-core-columns-is-layout-9d6595d7 wp-block-columns-is-layout-flex\">\n<div class=\"wp-block-column is-layout-flow wp-block-column-is-layout-flow\">\n<h3 class=\"wp-block-heading has-text-align-center icon-above icon-growers\" id=\"nos-producteurs\"><strong>Nos producteurs<\/strong><\/h3>\n\n\n\n<p class=\"has-text-align-center\">Vous pouvez \u00eatre s\u00fbrs du fait que les amandes qui alimentent votre Almond Breeze<sup>&reg;<\/sup> sont cultiv\u00e9es avec soin par notre coop\u00e9rative de plus de 3 000 producteurs dans la vall\u00e9e centrale de la Californie.<\/p>\n\n\n\n<div class=\"wp-block-buttons is-content-justification-center is-layout-flex wp-container-core-buttons-is-layout-16018d1d wp-block-buttons-is-layout-flex\">\n<div class=\"wp-block-button\"><a class=\"wp-block-button__link wp-element-button\" href=\"https:\/\/almondbreeze.ca\/fr\/our-growers\/\">Rencontrez nos producteurs<\/a><\/div>\n<\/div>\n<\/div>\n\n\n\n<div class=\"wp-block-column is-layout-flow wp-block-column-is-layout-flow\">\n<h3 class=\"wp-block-heading has-text-align-center icon-above icon-almond\" id=\"notre-savoir-faire\"><strong>Notre savoir-faire<\/strong><\/h3>\n\n\n\n<p class=\"has-text-align-center\">Les meilleures amandes font la meilleure boisson d\u2019amande. Cela signifie que nous nous appuyons sur l\u2019expertise de nos producteurs, ainsi que sur leur mise en application d\u2019une technologie de production avanc\u00e9e et leurs \u00e9valuations rigoureuses de la qualit\u00e9.&nbsp;<\/p>\n\n\n\n<div class=\"wp-block-buttons is-content-justification-center is-layout-flex wp-container-core-buttons-is-layout-16018d1d wp-block-buttons-is-layout-flex\">\n<div class=\"wp-block-button\"><a class=\"wp-block-button__link wp-element-button\" href=\"https:\/\/almondbreeze.ca\/fr\/sustainability\/\">Nos proc\u00e9dures<\/a><\/div>\n<\/div>\n<\/div>\n<\/div>\n\n\n      <\/div>\n      <div class=\"decorative-image decorative-image-left\"><\/div>\n      <div class=\"decorative-image decorative-image-right\"><\/div>\n    <\/div>\n    \n\n\n<div style=\"height:70px\" aria-hidden=\"true\" class=\"wp-block-spacer\"><\/div>\n\n\n    <section class=\"taste-guarantee product-component\">\n      <div class=\"background\"><\/div>\n      <div class=\"container\">\n        <div class=\"text\">\n                      <h2 class=\"headline\">Notre Garantie Saveur<\/h2>\n                                <div class=\"content\">\n              <p>Si vous n\u2019\u00eates pas enti\u00e8rement satisfait de la saveur de votre Almond Breeze, nous vous garantissons le remboursement.<\/p>\n            <\/div>\n          \n                      <p class=\"button-holder\">\n              <a\n                href=\"https:\/\/www.promo-trak.com\/Default.aspx?cn=AlmondBreeze\"\n                class=\"button\"\n                                  target=\"_blank\"\n                              >Apprenez-en plus<\/a>\n            <\/p>\n                  <\/div>\n        <div class=\"images\">\n                      <img decoding=\"async\"\n              src=\"https:\/\/almondbreeze.ca\/content\/uploads\/2023\/02\/taste-guarantee-fr.png\"\n              alt=\"taste-guarantee-fr\"\n              class=\"product-image\"\n            \/>\n                  <\/div>\n      <\/div>\n    <\/section>\n    \n\n    <section class=\"featured-recipes\">\n              <div class=\"header\">\n                      <h2 class=\"headline\">\n              \u00cates-vous pr\u00eats \u00e0 go\u00fbter quelque chose de nouveau?             <\/h2>\n                                <p class=\"subhead\">\n              Nous laisserons Blue Diamond s\u00e9lectionner la recette qu\u2019ils veulent afficher ici puisqu\u2019elle sera mise en \u00e9vidence.\t            <\/p>\n                  <\/div>\n                            <div class=\"big-recipe\">\n          <div class=\"text-container\">\n            <div\n              class=\"text-background-image\"\n              style=\"background-image:url('https:\/\/almondbreeze.ca\/content\/uploads\/2020\/10\/blueberry_popcicle_306-3-1200x800.jpg');\"\n            ><\/div>\n            <div class=\"text-background-gradient\"><\/div>\n            <div class=\"text-content\">\n              <p class=\"name\">\n                Sucettes Glac\u00e9es aux bleuets et Almond Breeze<sup>&reg;<\/sup>              <\/p>\n                            <p class=\"button-holder\">\n                <a\n                  href=\"https:\/\/almondbreeze.ca\/fr\/recipes\/sucettes-glacees-aux-bleuets-et-almond-breeze\/\"\n                  class=\"button button-white\"\n                >Get the Recipe<\/a>\n                <a\n                  href=\"\/recipes\/\"\n                  class=\"button button-outline light\"\n                >All Recipes<\/a>\n              <\/p>\n              <div class=\"statistics\">\n                <div class=\"statistic prep\">\n                  <p class=\"label\">\n                    <i><\/i>\n                    <span>Prep Time:<\/span>\n                  <\/p>\n                  <p class=\"content\">\n                    10 Min\n                  <\/p>\n                <\/div>\n                <div class=\"statistic difficulty\">\n                  <p class=\"label\">\n                    <i><\/i>\n                    <span>Difficulty:<\/span>\n                  <\/p>\n                  <p class=\"content\">\n                    Facile                  <\/p>\n                <\/div>\n              <\/div>\n            <\/div>\n          <\/div>\n\n          <div\n            class=\"image-container\"\n            style=\"background-image:url('https:\/\/almondbreeze.ca\/content\/uploads\/2020\/10\/blueberry_popcicle_306-3-1200x800.jpg');\"\n          ><\/div>\n                      <div class=\"decorative-image\"><\/div>\n                  <\/div>\n                    <div class=\"small-recipes recipe-cards\">\n                  <\/div>\n                    <p class=\"button-holder\">\n          <a\n            href=\"#\"\n            class=\"button\"\n                      >Obtenez la recette<\/a>\n        <\/p>\n          <\/section>\n    \n\n\n<p><\/p>\n","protected":false},"excerpt":{"rendered":"<p>Une d\u00e9licieuse et bonne source de calcium.<\/p>\n","protected":false},"author":1,"featured_media":0,"parent":0,"menu_order":0,"comment_status":"closed","ping_status":"closed","template":"","meta":{"_acf_changed":false,"footnotes":""},"class_list":["post-1287","page","type-page","status-publish","hentry"],"acf":[],"yoast_head":"<!-- This site is optimized with the Yoast SEO plugin v27.1.1 - https:\/\/yoast.com\/product\/yoast-seo-wordpress\/ -->\n<title>Almond Breeze Canada | Almond Beverages | Blue Diamond<\/title>\n<meta name=\"description\" content=\"D\u00e9couvrez Almond Breeze pour toutes vos d\u00e9licieuses boissons d&#039;amande. \u00c0 commencer par nos producteurs jusqu&#039;\u00e0 notre savoir-faire, nous nous attachons \u00e0 vous procurer des produits de la plus haute qualit\u00e9.\" \/>\n<meta name=\"robots\" content=\"index, follow, max-snippet:-1, max-image-preview:large, max-video-preview:-1\" \/>\n<link rel=\"canonical\" href=\"https:\/\/almondbreeze.ca\/fr\/\" \/>\n<meta property=\"og:locale\" content=\"fr_CA\" \/>\n<meta property=\"og:type\" content=\"article\" \/>\n<meta property=\"og:title\" content=\"Almond Breeze Canada | Almond Beverages | Blue Diamond\" \/>\n<meta property=\"og:description\" content=\"D\u00e9couvrez Almond Breeze pour toutes vos d\u00e9licieuses boissons d&#039;amande. \u00c0 commencer par nos producteurs jusqu&#039;\u00e0 notre savoir-faire, nous nous attachons \u00e0 vous procurer des produits de la plus haute qualit\u00e9.\" \/>\n<meta property=\"og:url\" content=\"https:\/\/almondbreeze.ca\/fr\/\" \/>\n<meta property=\"og:site_name\" content=\"Almond Breeze\" \/>\n<meta property=\"article:modified_time\" content=\"2025-02-27T21:43:26+00:00\" \/>\n<meta property=\"og:image\" content=\"https:\/\/almondbreeze.ca\/content\/uploads\/2025\/02\/ab-hero-lockup-french-923x1200.png\" \/>\n<meta name=\"twitter:card\" content=\"summary_large_image\" \/>\n<meta name=\"twitter:label1\" content=\"Estimation du temps de lecture\" \/>\n\t<meta name=\"twitter:data1\" content=\"2 minutes\" \/>\n<script type=\"application\/ld+json\" class=\"yoast-schema-graph\">{\"@context\":\"https:\/\/schema.org\",\"@graph\":[{\"@type\":\"WebPage\",\"@id\":\"https:\/\/almondbreeze.ca\/fr\/\",\"url\":\"https:\/\/almondbreeze.ca\/fr\/\",\"name\":\"Almond Breeze Canada | Almond Beverages | Blue Diamond\",\"isPartOf\":{\"@id\":\"https:\/\/almondbreeze.ca\/fr\/#website\"},\"primaryImageOfPage\":{\"@id\":\"https:\/\/almondbreeze.ca\/fr\/#primaryimage\"},\"image\":{\"@id\":\"https:\/\/almondbreeze.ca\/fr\/#primaryimage\"},\"thumbnailUrl\":\"https:\/\/almondbreeze.ca\/content\/uploads\/2025\/02\/ab-hero-lockup-french-923x1200.png\",\"datePublished\":\"2020-10-21T16:42:57+00:00\",\"dateModified\":\"2025-02-27T21:43:26+00:00\",\"description\":\"D\u00e9couvrez Almond Breeze pour toutes vos d\u00e9licieuses boissons d'amande. \u00c0 commencer par nos producteurs jusqu'\u00e0 notre savoir-faire, nous nous attachons \u00e0 vous procurer des produits de la plus haute qualit\u00e9.\",\"breadcrumb\":{\"@id\":\"https:\/\/almondbreeze.ca\/fr\/#breadcrumb\"},\"inLanguage\":\"fr-CA\",\"potentialAction\":[{\"@type\":\"ReadAction\",\"target\":[\"https:\/\/almondbreeze.ca\/fr\/\"]}]},{\"@type\":\"ImageObject\",\"inLanguage\":\"fr-CA\",\"@id\":\"https:\/\/almondbreeze.ca\/fr\/#primaryimage\",\"url\":\"https:\/\/almondbreeze.ca\/content\/uploads\/2025\/02\/ab-hero-lockup-french-923x1200.png\",\"contentUrl\":\"https:\/\/almondbreeze.ca\/content\/uploads\/2025\/02\/ab-hero-lockup-french-923x1200.png\"},{\"@type\":\"BreadcrumbList\",\"@id\":\"https:\/\/almondbreeze.ca\/fr\/#breadcrumb\",\"itemListElement\":[{\"@type\":\"ListItem\",\"position\":1,\"name\":\"Home\",\"item\":\"https:\/\/almondbreeze.ca\/fr\/\"},{\"@type\":\"ListItem\",\"position\":2,\"name\":\"Home\"}]},{\"@type\":\"WebSite\",\"@id\":\"https:\/\/almondbreeze.ca\/fr\/#website\",\"url\":\"https:\/\/almondbreeze.ca\/fr\/\",\"name\":\"Almond Breeze\",\"description\":\"\",\"publisher\":{\"@id\":\"https:\/\/almondbreeze.ca\/fr\/#organization\"},\"inLanguage\":\"fr-CA\"},{\"@type\":\"Organization\",\"@id\":\"https:\/\/almondbreeze.ca\/fr\/#organization\",\"name\":\"Blue Diamond Growers\",\"url\":\"https:\/\/almondbreeze.ca\/fr\/\",\"logo\":{\"@type\":\"ImageObject\",\"inLanguage\":\"fr-CA\",\"@id\":\"https:\/\/almondbreeze.ca\/fr\/#\/schema\/logo\/image\/\",\"url\":\"https:\/\/almondbreeze.ca\/content\/uploads\/2020\/12\/ab-ca-logo.png\",\"contentUrl\":\"https:\/\/almondbreeze.ca\/content\/uploads\/2020\/12\/ab-ca-logo.png\",\"width\":232,\"height\":174,\"caption\":\"Blue Diamond Growers\"},\"image\":{\"@id\":\"https:\/\/almondbreeze.ca\/fr\/#\/schema\/logo\/image\/\"}}]}<\/script>\n<!-- \/ Yoast SEO plugin. -->","yoast_head_json":{"title":"Almond Breeze Canada | Almond Beverages | Blue Diamond","description":"D\u00e9couvrez Almond Breeze pour toutes vos d\u00e9licieuses boissons d'amande. \u00c0 commencer par nos producteurs jusqu'\u00e0 notre savoir-faire, nous nous attachons \u00e0 vous procurer des produits de la plus haute qualit\u00e9.","robots":{"index":"index","follow":"follow","max-snippet":"max-snippet:-1","max-image-preview":"max-image-preview:large","max-video-preview":"max-video-preview:-1"},"canonical":"https:\/\/almondbreeze.ca\/fr\/","og_locale":"fr_CA","og_type":"article","og_title":"Almond Breeze Canada | Almond Beverages | Blue Diamond","og_description":"D\u00e9couvrez Almond Breeze pour toutes vos d\u00e9licieuses boissons d'amande. \u00c0 commencer par nos producteurs jusqu'\u00e0 notre savoir-faire, nous nous attachons \u00e0 vous procurer des produits de la plus haute qualit\u00e9.","og_url":"https:\/\/almondbreeze.ca\/fr\/","og_site_name":"Almond Breeze","article_modified_time":"2025-02-27T21:43:26+00:00","og_image":[{"url":"https:\/\/almondbreeze.ca\/content\/uploads\/2025\/02\/ab-hero-lockup-french-923x1200.png","type":"","width":"","height":""}],"twitter_card":"summary_large_image","twitter_misc":{"Estimation du temps de lecture":"2 minutes"},"schema":{"@context":"https:\/\/schema.org","@graph":[{"@type":"WebPage","@id":"https:\/\/almondbreeze.ca\/fr\/","url":"https:\/\/almondbreeze.ca\/fr\/","name":"Almond Breeze Canada | Almond Beverages | Blue Diamond","isPartOf":{"@id":"https:\/\/almondbreeze.ca\/fr\/#website"},"primaryImageOfPage":{"@id":"https:\/\/almondbreeze.ca\/fr\/#primaryimage"},"image":{"@id":"https:\/\/almondbreeze.ca\/fr\/#primaryimage"},"thumbnailUrl":"https:\/\/almondbreeze.ca\/content\/uploads\/2025\/02\/ab-hero-lockup-french-923x1200.png","datePublished":"2020-10-21T16:42:57+00:00","dateModified":"2025-02-27T21:43:26+00:00","description":"D\u00e9couvrez Almond Breeze pour toutes vos d\u00e9licieuses boissons d'amande. \u00c0 commencer par nos producteurs jusqu'\u00e0 notre savoir-faire, nous nous attachons \u00e0 vous procurer des produits de la plus haute qualit\u00e9.","breadcrumb":{"@id":"https:\/\/almondbreeze.ca\/fr\/#breadcrumb"},"inLanguage":"fr-CA","potentialAction":[{"@type":"ReadAction","target":["https:\/\/almondbreeze.ca\/fr\/"]}]},{"@type":"ImageObject","inLanguage":"fr-CA","@id":"https:\/\/almondbreeze.ca\/fr\/#primaryimage","url":"https:\/\/almondbreeze.ca\/content\/uploads\/2025\/02\/ab-hero-lockup-french-923x1200.png","contentUrl":"https:\/\/almondbreeze.ca\/content\/uploads\/2025\/02\/ab-hero-lockup-french-923x1200.png"},{"@type":"BreadcrumbList","@id":"https:\/\/almondbreeze.ca\/fr\/#breadcrumb","itemListElement":[{"@type":"ListItem","position":1,"name":"Home","item":"https:\/\/almondbreeze.ca\/fr\/"},{"@type":"ListItem","position":2,"name":"Home"}]},{"@type":"WebSite","@id":"https:\/\/almondbreeze.ca\/fr\/#website","url":"https:\/\/almondbreeze.ca\/fr\/","name":"Almond Breeze","description":"","publisher":{"@id":"https:\/\/almondbreeze.ca\/fr\/#organization"},"inLanguage":"fr-CA"},{"@type":"Organization","@id":"https:\/\/almondbreeze.ca\/fr\/#organization","name":"Blue Diamond Growers","url":"https:\/\/almondbreeze.ca\/fr\/","logo":{"@type":"ImageObject","inLanguage":"fr-CA","@id":"https:\/\/almondbreeze.ca\/fr\/#\/schema\/logo\/image\/","url":"https:\/\/almondbreeze.ca\/content\/uploads\/2020\/12\/ab-ca-logo.png","contentUrl":"https:\/\/almondbreeze.ca\/content\/uploads\/2020\/12\/ab-ca-logo.png","width":232,"height":174,"caption":"Blue Diamond Growers"},"image":{"@id":"https:\/\/almondbreeze.ca\/fr\/#\/schema\/logo\/image\/"}}]}},"_links":{"self":[{"href":"https:\/\/almondbreeze.ca\/fr\/wp-json\/wp\/v2\/pages\/1287","targetHints":{"allow":["GET"]}}],"collection":[{"href":"https:\/\/almondbreeze.ca\/fr\/wp-json\/wp\/v2\/pages"}],"about":[{"href":"https:\/\/almondbreeze.ca\/fr\/wp-json\/wp\/v2\/types\/page"}],"author":[{"embeddable":true,"href":"https:\/\/almondbreeze.ca\/fr\/wp-json\/wp\/v2\/users\/1"}],"replies":[{"embeddable":true,"href":"https:\/\/almondbreeze.ca\/fr\/wp-json\/wp\/v2\/comments?post=1287"}],"version-history":[{"count":40,"href":"https:\/\/almondbreeze.ca\/fr\/wp-json\/wp\/v2\/pages\/1287\/revisions"}],"predecessor-version":[{"id":3278,"href":"https:\/\/almondbreeze.ca\/fr\/wp-json\/wp\/v2\/pages\/1287\/revisions\/3278"}],"wp:attachment":[{"href":"https:\/\/almondbreeze.ca\/fr\/wp-json\/wp\/v2\/media?parent=1287"}],"curies":[{"name":"wp","href":"https:\/\/api.w.org\/{rel}","templated":true}]}}