{"id":1221,"date":"2020-08-20T21:10:08","date_gmt":"2020-08-20T21:10:08","guid":{"rendered":"https:\/\/almondbreeze.ca\/our-growers\/"},"modified":"2022-08-17T20:20:35","modified_gmt":"2022-08-17T20:20:35","slug":"our-growers","status":"publish","type":"page","link":"https:\/\/almondbreeze.ca\/fr\/our-growers\/","title":{"rendered":"Nos producteurs"},"content":{"rendered":"<div class=\"full-width\">  \n\n<div class=\"wp-block-cover\"><span aria-hidden=\"true\" class=\"has-background-dim-60 wp-block-cover__gradient-background has-background-dim\" style=\"background-color:#223b4c\"><\/span><img loading=\"lazy\" decoding=\"async\" width=\"1440\" height=\"720\" class=\"wp-block-cover__image-background wp-image-1092\" alt=\"Background image\" src=\"https:\/\/almondbreeze.ca\/content\/uploads\/2020\/10\/orchard-barn-flyover.jpg\" data-object-fit=\"cover\" srcset=\"https:\/\/almondbreeze.ca\/content\/uploads\/2020\/10\/orchard-barn-flyover.jpg 1440w, https:\/\/almondbreeze.ca\/content\/uploads\/2020\/10\/orchard-barn-flyover-800x400.jpg 800w, https:\/\/almondbreeze.ca\/content\/uploads\/2020\/10\/orchard-barn-flyover-1200x600.jpg 1200w, https:\/\/almondbreeze.ca\/content\/uploads\/2020\/10\/orchard-barn-flyover-768x384.jpg 768w, https:\/\/almondbreeze.ca\/content\/uploads\/2020\/10\/orchard-barn-flyover-360x180.jpg 360w\" sizes=\"auto, (max-width: 1440px) 100vw, 1440px\" \/><div class=\"wp-block-cover__inner-container is-layout-flow wp-block-cover-is-layout-flow\">\n<h1 class=\"has-text-align-center wp-block-heading\" id=\"chez-blue-diamond-on-travaille-en-famille\"><strong>Chez Blue Diamond<sup>&reg;<\/sup>, on travaille en famille<\/strong><\/h1>\n\n\n\n<p class=\"has-text-align-center is-style-reduced-width-big-text\">Vous pouvez \u00eatre s\u00fbrs que les amandes Blue Diamond<sup>&reg;<\/sup> de vos collations et de vos boissons Almond Breeze<sup>&reg;<\/sup> sont cultiv\u00e9es avec soin par notre coop\u00e9rative de plus de 3 000 cultivateurs de la Vall\u00e9e centrale de Californie.<\/p>\n<\/div><\/div>\n\n<\/div>\n\n\n<h2 class=\"has-text-align-center wp-block-heading\" id=\"une-exploitation-familiale\">Une exploitation familiale<\/h2>\n\n\n\n<p class=\"has-text-align-center is-style-reduced-width-big-text\">Quand des g\u00e9n\u00e9rations consacrent leur vie \u00e0 une exploitation, vous savez que ce n\u2019est pas qu\u2019un travail. C\u2019est une destin\u00e9e.<\/p>\n\n\n\n<figure class=\"wp-block-embed is-type-video is-provider-youtube wp-block-embed-youtube wp-embed-aspect-16-9 wp-has-aspect-ratio\"><div class=\"wp-block-embed__wrapper\">\n<iframe loading=\"lazy\" title=\"Meet The Growers - Blue Diamond Growers SuperCut\" width=\"500\" height=\"281\" src=\"https:\/\/www.youtube.com\/embed\/0Iybyk_gFkM?feature=oembed\" frameborder=\"0\" allow=\"accelerometer; autoplay; clipboard-write; encrypted-media; gyroscope; picture-in-picture; web-share\" referrerpolicy=\"strict-origin-when-cross-origin\" allowfullscreen><\/iframe>\n<\/div><\/figure>\n\n\n\n<div class=\"wp-block-columns are-vertically-aligned-center text-and-image is-layout-flex wp-container-core-columns-is-layout-9d6595d7 wp-block-columns-is-layout-flex\">\n<div class=\"wp-block-column is-vertically-aligned-center is-layout-flow wp-block-column-is-layout-flow\">\n<h3 class=\"wp-block-heading\" id=\"la-famille-chandler\">La famille Chandler<\/h3>\n\n\n\n<p>\u00c0 Chandler Farms, un duo d\u00e9vou\u00e9 form\u00e9 d\u2019un p\u00e8re et d\u2019un fils qui investissent leur soin et leur savoir-faire \u00e0 cultiver un produit qu\u2019ils sont fiers de partager avec le monde.<\/p>\n<\/div>\n\n\n\n<div class=\"wp-block-column is-vertically-aligned-center is-layout-flow wp-block-column-is-layout-flow\">\n<figure class=\"wp-block-image size-large tip-right video-thumbnail\"><a href=\"https:\/\/www.youtube.com\/watch?v=OpXcRROFGgU\" data-fancybox=\"grower-videos\"><img decoding=\"async\" src=\"https:\/\/almondbreeze.ca\/content\/uploads\/2020\/10\/grower-video-thumbnail-chandler.jpg\" alt=\"father and son duo at Chandler Farms\" class=\"wp-image-699\"><\/a><\/figure>\n<\/div>\n<\/div>\n\n\n\n<div class=\"wp-block-columns are-vertically-aligned-center text-and-image mobile-reverse is-layout-flex wp-container-core-columns-is-layout-9d6595d7 wp-block-columns-is-layout-flex\">\n<div class=\"wp-block-column is-vertically-aligned-center is-layout-flow wp-block-column-is-layout-flow\">\n<figure class=\"wp-block-image size-large tip-left video-thumbnail\"><a href=\"https:\/\/www.youtube.com\/watch?v=CQjGuf899Pg\" data-fancybox=\"grower-videos\"><img decoding=\"async\" src=\"https:\/\/almondbreeze.ca\/content\/uploads\/2020\/10\/grower-video-thumbnail-gemperle-1200x667.jpg\" alt=\"man checking blooms on almond tree\" class=\"wp-image-708\"><\/a><\/figure>\n<\/div>\n\n\n\n<div class=\"wp-block-column is-vertically-aligned-center is-layout-flow wp-block-column-is-layout-flow\">\n<h3 class=\"wp-block-heading\" id=\"la-famille-gemperle\">La famille Gemperle<\/h3>\n\n\n\n<p>Aid\u00e9s de leur p\u00e8re, ces fr\u00e8re et s\u0153ur d\u00e9montrent que la satisfaction d\u2019une dure journ\u00e9e de travail est multipli\u00e9e quand on le fait en famille.<\/p>\n<\/div>\n<\/div>\n\n\n\n<div class=\"wp-block-columns are-vertically-aligned-center text-and-image is-layout-flex wp-container-core-columns-is-layout-9d6595d7 wp-block-columns-is-layout-flex\">\n<div class=\"wp-block-column is-vertically-aligned-center is-layout-flow wp-block-column-is-layout-flow\">\n<h3 class=\"wp-block-heading\" id=\"la-famille-indart\">La famille Indart<\/h3>\n\n\n\n<p>Depuis trois g\u00e9n\u00e9rations, la famille Indart se concentre sur la qualit\u00e9 de leur production.&nbsp; Quand il s\u2019agit de familles, la v\u00f4tre comme la leur, ils ne se contentent que du meilleur.<\/p>\n<\/div>\n\n\n\n<div class=\"wp-block-column is-vertically-aligned-center is-layout-flow wp-block-column-is-layout-flow\">\n<figure class=\"wp-block-image size-large video-thumbnail tip-right\"><a href=\"https:\/\/www.youtube.com\/watch?v=rkB0QA6XDDE\" data-fancybox=\"grower-videos\"><img loading=\"lazy\" decoding=\"async\" width=\"1200\" height=\"668\" src=\"https:\/\/almondbreeze.ca\/content\/uploads\/2020\/10\/grower-video-thumbnail-indart-1200x668.jpg\" alt=\"woman braiding daughter's hair\" class=\"wp-image-1108\" srcset=\"https:\/\/almondbreeze.ca\/content\/uploads\/2020\/10\/grower-video-thumbnail-indart-1200x668.jpg 1200w, https:\/\/almondbreeze.ca\/content\/uploads\/2020\/10\/grower-video-thumbnail-indart-800x445.jpg 800w, https:\/\/almondbreeze.ca\/content\/uploads\/2020\/10\/grower-video-thumbnail-indart-768x427.jpg 768w, https:\/\/almondbreeze.ca\/content\/uploads\/2020\/10\/grower-video-thumbnail-indart-360x200.jpg 360w, https:\/\/almondbreeze.ca\/content\/uploads\/2020\/10\/grower-video-thumbnail-indart.jpg 1440w\" sizes=\"auto, (max-width: 1200px) 100vw, 1200px\" \/><\/a><\/figure>\n<\/div>\n<\/div>\n","protected":false},"excerpt":{"rendered":"<p>Une exploitation familiale Quand des g\u00e9n\u00e9rations consacrent leur vie \u00e0 une exploitation, vous savez que ce n\u2019est pas qu\u2019un travail. C\u2019est une destin\u00e9e. La famille Chandler \u00c0 Chandler Farms, un&#8230;<\/p>\n","protected":false},"author":1,"featured_media":0,"parent":0,"menu_order":0,"comment_status":"closed","ping_status":"closed","template":"","meta":{"_acf_changed":false,"footnotes":""},"class_list":["post-1221","page","type-page","status-publish","hentry"],"acf":[],"yoast_head":"<!-- This site is optimized with the Yoast SEO plugin v27.1.1 - https:\/\/yoast.com\/product\/yoast-seo-wordpress\/ -->\n<title>Nos producteurs | Almond Breeze<\/title>\n<meta name=\"description\" content=\"Nos boissons d\u2019amande sont \u00e9labor\u00e9es avec des amandes de la meilleure qualit\u00e9 cultiv\u00e9es dans la Vall\u00e9e centrale de la Californie gr\u00e2ce aux soins des meilleurs producteurs d&#039;amandes.\" \/>\n<meta name=\"robots\" content=\"index, follow, max-snippet:-1, max-image-preview:large, max-video-preview:-1\" \/>\n<link rel=\"canonical\" href=\"https:\/\/almondbreeze.ca\/fr\/our-growers\/\" \/>\n<meta property=\"og:locale\" content=\"fr_CA\" \/>\n<meta property=\"og:type\" content=\"article\" \/>\n<meta property=\"og:title\" content=\"Nos producteurs | Almond Breeze\" \/>\n<meta property=\"og:description\" content=\"Nos boissons d\u2019amande sont \u00e9labor\u00e9es avec des amandes de la meilleure qualit\u00e9 cultiv\u00e9es dans la Vall\u00e9e centrale de la Californie gr\u00e2ce aux soins des meilleurs producteurs d&#039;amandes.\" \/>\n<meta property=\"og:url\" content=\"https:\/\/almondbreeze.ca\/fr\/our-growers\/\" \/>\n<meta property=\"og:site_name\" content=\"Almond Breeze\" \/>\n<meta property=\"article:modified_time\" content=\"2022-08-17T20:20:35+00:00\" \/>\n<meta property=\"og:image\" content=\"https:\/\/almondbreeze.ca\/content\/uploads\/2020\/10\/orchard-barn-flyover.jpg\" \/>\n<meta name=\"twitter:card\" content=\"summary_large_image\" \/>\n<meta name=\"twitter:label1\" content=\"Estimation du temps de lecture\" \/>\n\t<meta name=\"twitter:data1\" content=\"2 minutes\" \/>\n<script type=\"application\/ld+json\" class=\"yoast-schema-graph\">{\"@context\":\"https:\/\/schema.org\",\"@graph\":[{\"@type\":\"WebPage\",\"@id\":\"https:\/\/almondbreeze.ca\/fr\/our-growers\/\",\"url\":\"https:\/\/almondbreeze.ca\/fr\/our-growers\/\",\"name\":\"Nos producteurs | Almond Breeze\",\"isPartOf\":{\"@id\":\"https:\/\/almondbreeze.ca\/fr\/#website\"},\"primaryImageOfPage\":{\"@id\":\"https:\/\/almondbreeze.ca\/fr\/our-growers\/#primaryimage\"},\"image\":{\"@id\":\"https:\/\/almondbreeze.ca\/fr\/our-growers\/#primaryimage\"},\"thumbnailUrl\":\"https:\/\/almondbreeze.ca\/content\/uploads\/2020\/10\/orchard-barn-flyover.jpg\",\"datePublished\":\"2020-08-20T21:10:08+00:00\",\"dateModified\":\"2022-08-17T20:20:35+00:00\",\"description\":\"Nos boissons d\u2019amande sont \u00e9labor\u00e9es avec des amandes de la meilleure qualit\u00e9 cultiv\u00e9es dans la Vall\u00e9e centrale de la Californie gr\u00e2ce aux soins des meilleurs producteurs d'amandes.\",\"breadcrumb\":{\"@id\":\"https:\/\/almondbreeze.ca\/fr\/our-growers\/#breadcrumb\"},\"inLanguage\":\"fr-CA\",\"potentialAction\":[{\"@type\":\"ReadAction\",\"target\":[\"https:\/\/almondbreeze.ca\/fr\/our-growers\/\"]}]},{\"@type\":\"ImageObject\",\"inLanguage\":\"fr-CA\",\"@id\":\"https:\/\/almondbreeze.ca\/fr\/our-growers\/#primaryimage\",\"url\":\"https:\/\/almondbreeze.ca\/content\/uploads\/2020\/10\/orchard-barn-flyover.jpg\",\"contentUrl\":\"https:\/\/almondbreeze.ca\/content\/uploads\/2020\/10\/orchard-barn-flyover.jpg\"},{\"@type\":\"BreadcrumbList\",\"@id\":\"https:\/\/almondbreeze.ca\/fr\/our-growers\/#breadcrumb\",\"itemListElement\":[{\"@type\":\"ListItem\",\"position\":1,\"name\":\"Home\",\"item\":\"https:\/\/almondbreeze.ca\/fr\/\"},{\"@type\":\"ListItem\",\"position\":2,\"name\":\"Nos producteurs\"}]},{\"@type\":\"WebSite\",\"@id\":\"https:\/\/almondbreeze.ca\/fr\/#website\",\"url\":\"https:\/\/almondbreeze.ca\/fr\/\",\"name\":\"Almond Breeze\",\"description\":\"\",\"publisher\":{\"@id\":\"https:\/\/almondbreeze.ca\/fr\/#organization\"},\"inLanguage\":\"fr-CA\"},{\"@type\":\"Organization\",\"@id\":\"https:\/\/almondbreeze.ca\/fr\/#organization\",\"name\":\"Blue Diamond Growers\",\"url\":\"https:\/\/almondbreeze.ca\/fr\/\",\"logo\":{\"@type\":\"ImageObject\",\"inLanguage\":\"fr-CA\",\"@id\":\"https:\/\/almondbreeze.ca\/fr\/#\/schema\/logo\/image\/\",\"url\":\"https:\/\/almondbreeze.ca\/content\/uploads\/2020\/12\/ab-ca-logo.png\",\"contentUrl\":\"https:\/\/almondbreeze.ca\/content\/uploads\/2020\/12\/ab-ca-logo.png\",\"width\":232,\"height\":174,\"caption\":\"Blue Diamond Growers\"},\"image\":{\"@id\":\"https:\/\/almondbreeze.ca\/fr\/#\/schema\/logo\/image\/\"}}]}<\/script>\n<!-- \/ Yoast SEO plugin. -->","yoast_head_json":{"title":"Nos producteurs | Almond Breeze","description":"Nos boissons d\u2019amande sont \u00e9labor\u00e9es avec des amandes de la meilleure qualit\u00e9 cultiv\u00e9es dans la Vall\u00e9e centrale de la Californie gr\u00e2ce aux soins des meilleurs producteurs d'amandes.","robots":{"index":"index","follow":"follow","max-snippet":"max-snippet:-1","max-image-preview":"max-image-preview:large","max-video-preview":"max-video-preview:-1"},"canonical":"https:\/\/almondbreeze.ca\/fr\/our-growers\/","og_locale":"fr_CA","og_type":"article","og_title":"Nos producteurs | Almond Breeze","og_description":"Nos boissons d\u2019amande sont \u00e9labor\u00e9es avec des amandes de la meilleure qualit\u00e9 cultiv\u00e9es dans la Vall\u00e9e centrale de la Californie gr\u00e2ce aux soins des meilleurs producteurs d'amandes.","og_url":"https:\/\/almondbreeze.ca\/fr\/our-growers\/","og_site_name":"Almond Breeze","article_modified_time":"2022-08-17T20:20:35+00:00","og_image":[{"url":"https:\/\/almondbreeze.ca\/content\/uploads\/2020\/10\/orchard-barn-flyover.jpg","type":"","width":"","height":""}],"twitter_card":"summary_large_image","twitter_misc":{"Estimation du temps de lecture":"2 minutes"},"schema":{"@context":"https:\/\/schema.org","@graph":[{"@type":"WebPage","@id":"https:\/\/almondbreeze.ca\/fr\/our-growers\/","url":"https:\/\/almondbreeze.ca\/fr\/our-growers\/","name":"Nos producteurs | Almond Breeze","isPartOf":{"@id":"https:\/\/almondbreeze.ca\/fr\/#website"},"primaryImageOfPage":{"@id":"https:\/\/almondbreeze.ca\/fr\/our-growers\/#primaryimage"},"image":{"@id":"https:\/\/almondbreeze.ca\/fr\/our-growers\/#primaryimage"},"thumbnailUrl":"https:\/\/almondbreeze.ca\/content\/uploads\/2020\/10\/orchard-barn-flyover.jpg","datePublished":"2020-08-20T21:10:08+00:00","dateModified":"2022-08-17T20:20:35+00:00","description":"Nos boissons d\u2019amande sont \u00e9labor\u00e9es avec des amandes de la meilleure qualit\u00e9 cultiv\u00e9es dans la Vall\u00e9e centrale de la Californie gr\u00e2ce aux soins des meilleurs producteurs d'amandes.","breadcrumb":{"@id":"https:\/\/almondbreeze.ca\/fr\/our-growers\/#breadcrumb"},"inLanguage":"fr-CA","potentialAction":[{"@type":"ReadAction","target":["https:\/\/almondbreeze.ca\/fr\/our-growers\/"]}]},{"@type":"ImageObject","inLanguage":"fr-CA","@id":"https:\/\/almondbreeze.ca\/fr\/our-growers\/#primaryimage","url":"https:\/\/almondbreeze.ca\/content\/uploads\/2020\/10\/orchard-barn-flyover.jpg","contentUrl":"https:\/\/almondbreeze.ca\/content\/uploads\/2020\/10\/orchard-barn-flyover.jpg"},{"@type":"BreadcrumbList","@id":"https:\/\/almondbreeze.ca\/fr\/our-growers\/#breadcrumb","itemListElement":[{"@type":"ListItem","position":1,"name":"Home","item":"https:\/\/almondbreeze.ca\/fr\/"},{"@type":"ListItem","position":2,"name":"Nos producteurs"}]},{"@type":"WebSite","@id":"https:\/\/almondbreeze.ca\/fr\/#website","url":"https:\/\/almondbreeze.ca\/fr\/","name":"Almond Breeze","description":"","publisher":{"@id":"https:\/\/almondbreeze.ca\/fr\/#organization"},"inLanguage":"fr-CA"},{"@type":"Organization","@id":"https:\/\/almondbreeze.ca\/fr\/#organization","name":"Blue Diamond Growers","url":"https:\/\/almondbreeze.ca\/fr\/","logo":{"@type":"ImageObject","inLanguage":"fr-CA","@id":"https:\/\/almondbreeze.ca\/fr\/#\/schema\/logo\/image\/","url":"https:\/\/almondbreeze.ca\/content\/uploads\/2020\/12\/ab-ca-logo.png","contentUrl":"https:\/\/almondbreeze.ca\/content\/uploads\/2020\/12\/ab-ca-logo.png","width":232,"height":174,"caption":"Blue Diamond Growers"},"image":{"@id":"https:\/\/almondbreeze.ca\/fr\/#\/schema\/logo\/image\/"}}]}},"_links":{"self":[{"href":"https:\/\/almondbreeze.ca\/fr\/wp-json\/wp\/v2\/pages\/1221","targetHints":{"allow":["GET"]}}],"collection":[{"href":"https:\/\/almondbreeze.ca\/fr\/wp-json\/wp\/v2\/pages"}],"about":[{"href":"https:\/\/almondbreeze.ca\/fr\/wp-json\/wp\/v2\/types\/page"}],"author":[{"embeddable":true,"href":"https:\/\/almondbreeze.ca\/fr\/wp-json\/wp\/v2\/users\/1"}],"replies":[{"embeddable":true,"href":"https:\/\/almondbreeze.ca\/fr\/wp-json\/wp\/v2\/comments?post=1221"}],"version-history":[{"count":14,"href":"https:\/\/almondbreeze.ca\/fr\/wp-json\/wp\/v2\/pages\/1221\/revisions"}],"predecessor-version":[{"id":2489,"href":"https:\/\/almondbreeze.ca\/fr\/wp-json\/wp\/v2\/pages\/1221\/revisions\/2489"}],"wp:attachment":[{"href":"https:\/\/almondbreeze.ca\/fr\/wp-json\/wp\/v2\/media?parent=1221"}],"curies":[{"name":"wp","href":"https:\/\/api.w.org\/{rel}","templated":true}]}}